{"id":60,"date":"2020-11-17T11:41:38","date_gmt":"2020-11-17T10:41:38","guid":{"rendered":"https:\/\/memorial1418.com\/?page_id=60"},"modified":"2026-05-07T03:24:36","modified_gmt":"2026-05-07T01:24:36","slug":"services","status":"publish","type":"page","link":"https:\/\/memorial1418.com\/en\/services\/","title":{"rendered":"Services"},"content":{"rendered":"<div class=\"brz-root__container brz-reset-all brz brz-root__container-page\">\n<section id=\"_ewwvjxnucyxlcmuotznirmzfldzgyewqtemo\" class=\"brz-section brz-css-vw2xod brz-css-13m6epv\">\n<div class=\"brz-section__content brz-section--boxed brz-css-1xkbdp7 brz-css-1exzaox\" data-brz-custom-id=\"eqilnwfuqorrawiazdnxqmhtoarpbifnsoui\">\n<div class=\"brz-bg\">\n<div class=\"brz-bg-image\"><\/div>\n<div class=\"brz-bg-color\"><\/div>\n<\/div>\n<div class=\"brz-container brz-css-1rq05ih\">\n<div class=\"brz-row__container brz-css-wu3nc5\" data-brz-custom-id=\"ibyofxnreynzpcqqshulwpuixmctxijeyljq\">\n<div class=\"brz-bg\"><\/div>\n<div class=\"brz-row brz-css-1823bz2 brz-css-1w9lf46\">\n<div class=\"brz-columns brz-css-k4o8aa brz-css-1luc3nj\" data-brz-custom-id=\"ravdqtgzgovixgfcbzjbrtwrxifsjrpbalmx\">\n<div class=\"brz-bg\"><\/div>\n<div class=\"brz-column__items brz-css-94gcz9 brz-css-nve8dy\">\n<div id=\"\" class=\"brz-css-1xc3q9u brz-wrapper\">\n<div class=\"brz-rich-text brz-rich-text__custom brz-css-1g5xwgs\" data-brz-custom-id=\"bvnwbbpduzztthirmjanowxzwkdhsouybzjd\">\n<div data-brz-translate-text=\"1\">\n<h1 class=\"brz-fs-sm-50 brz-fw-sm-900 brz-fs-xs-35 brz-tp-heading1 brz-css-fau0M\"><span>SERVICES<\/span><\/h1>\n<\/div>\n<\/div>\n<\/div>\n<div id=\"\" class=\"brz-css-1xc3q9u brz-css-itrixb brz-wrapper\">\n<div class=\"brz-line brz-line-default brz-css-34hzmd brz-css-1pcrezl\" data-brz-custom-id=\"phdzfscyklndfyffmoophiwvvvxpdklripek\">\n<hr class=\"brz-hr\"><\/div>\n<\/div>\n<div id=\"\" class=\"brz-css-1xc3q9u brz-css-1xajhhk brz-css-1jms4mp brz-wrapper\">\n<div class=\"brz-spacer brz-css-4ivetx brz-css-2uk593\"><\/div>\n<\/div>\n<div id=\"\" class=\"brz-css-1xc3q9u brz-css-1rwxuxu brz-wrapper\">\n<div class=\"brz-rich-text brz-rich-text__custom brz-css-1g5xwgs\" data-brz-custom-id=\"dkxxemugknapanklxfqlwbptwjliznmgbhav\">\n<div data-brz-translate-text=\"1\">\n<p class=\"brz-fs-xs-15 brz-text-lg-left brz-tp-paragraph brz-css-xHtxC\"><span class=\"brz-cp-color8\">At the History Centre, you can also find advice and support with your genealogical research, find a souvenir of your visit or organise meetings and seminars.<\/span><\/p>\n<\/div>\n<\/div>\n<\/div>\n<div id=\"\" class=\"brz-css-1xc3q9u brz-css-1xajhhk brz-css-1ibndla brz-wrapper\">\n<div class=\"brz-spacer brz-css-4ivetx brz-css-ytttvg\"><\/div>\n<\/div>\n<\/div>\n<\/div>\n<div class=\"brz-columns brz-css-k4o8aa brz-css-1ixbvza\" data-brz-custom-id=\"teqlzwcessugnlvticxfmgatknhjurwcyvmf\">\n<div class=\"brz-bg\"><\/div>\n<div class=\"brz-column__items brz-css-94gcz9 brz-css-1ght77a\">\n<div class=\"brz-row__container brz-css-wu3nc5\" data-brz-custom-id=\"xugptihqpdtseheapgnetbifxfduguggcmam\">\n<div class=\"brz-bg\"><\/div>\n<div class=\"brz-row brz-row--inner brz-css-1823bz2\">\n<div class=\"brz-columns brz-css-k4o8aa brz-css-1kxpspa\" data-brz-custom-id=\"voknejjohgqzzjisqyjykwqanlkzywgylgxu\">\n<div class=\"brz-bg\">\n<div class=\"brz-bg-image\"><\/div>\n<div class=\"brz-bg-color\"><\/div>\n<\/div>\n<div class=\"brz-column__items brz-css-94gcz9 brz-css-144vnod\">\n<div id=\"\" class=\"brz-css-1xc3q9u brz-css-1xajhhk brz-wrapper\">\n<div class=\"brz-spacer brz-css-4ivetx brz-css-1o2itt9\"><\/div>\n<\/div>\n<div id=\"\" class=\"brz-css-1xc3q9u brz-css-13h386l brz-wrapper\">\n<div class=\"brz-line brz-line-default brz-css-34hzmd brz-css-j1xinq\" data-brz-custom-id=\"jxhwxcvlqurwloucqnnnverbvqzofkmmadbh\">\n<hr class=\"brz-hr\"><\/div>\n<\/div>\n<div id=\"\" class=\"brz-css-1xc3q9u brz-css-1h0l3nv brz-wrapper\">\n<div class=\"brz-rich-text brz-rich-text__custom brz-css-1g5xwgs\" data-brz-custom-id=\"vkjzqciywnugzgbpwpbwwywuzsvupnesuilh\">\n<div data-brz-translate-text=\"1\">\n<p class=\"brz-fs-lg-17 brz-lh-sm-1_3 brz-fw-sm-800 brz-ls-sm-0 brz-ff-overpass brz-ft-google brz-fw-lg-800 brz-ls-lg-0 brz-lh-xs-1_3 brz-fw-xs-800 brz-ls-xs-0 brz-fs-xs-17 brz-fs-sm-15 brz-css-aKJjd\"><span class=\"brz-cp-color8\">GENEALOGICAL<\/span><\/p>\n<p class=\"brz-fs-lg-17 brz-lh-sm-1_3 brz-fw-sm-800 brz-ls-sm-0 brz-ff-overpass brz-ft-google brz-fw-lg-800 brz-ls-lg-0 brz-lh-xs-1_3 brz-fw-xs-800 brz-ls-xs-0 brz-fs-xs-17 brz-fs-sm-15 brz-css-gdeDD\"><span class=\"brz-cp-color8\">RESEARCH<\/span><\/p>\n<\/div>\n<\/div>\n<\/div>\n<\/div>\n<p><a class=\"brz-a brz-container-link\" href=\"https:\/\/memorial1418.com\/recherches-genealogiques\/\" target=\"_self\" rel=\"noopener\" data-brz-link-type=\"external\"><\/a><\/div>\n<div class=\"brz-columns brz-css-k4o8aa brz-css-gzu1qe\" data-brz-custom-id=\"bgzxshnqlctwkxxmxqybkgtfvdhspxvkkovj\">\n<div class=\"brz-bg\">\n<div class=\"brz-bg-image\"><\/div>\n<div class=\"brz-bg-color\"><\/div>\n<\/div>\n<div class=\"brz-column__items brz-css-94gcz9 brz-css-36kp31\">\n<div id=\"\" class=\"brz-css-1xc3q9u brz-css-1xajhhk brz-wrapper\">\n<div class=\"brz-spacer brz-css-4ivetx brz-css-1q84xmo\"><\/div>\n<\/div>\n<div id=\"\" class=\"brz-css-1xc3q9u brz-css-oubfe5 brz-wrapper\">\n<div class=\"brz-line brz-line-default brz-css-34hzmd brz-css-1i11u0m\" data-brz-custom-id=\"hhxtpewlwekkoqscjesrxdlogpdolbkosfzg\">\n<hr class=\"brz-hr\"><\/div>\n<\/div>\n<div id=\"\" class=\"brz-css-1xc3q9u brz-css-sez7m4 brz-wrapper\">\n<div class=\"brz-rich-text brz-rich-text__custom brz-css-1g5xwgs\" data-brz-custom-id=\"rugkqzivkchcdcpfudfoecciwhuullnsywbl\">\n<div data-brz-translate-text=\"1\">\n<p class=\"brz-fs-lg-17 brz-fs-xs-17 brz-ls-xs-0 brz-fw-xs-800 brz-lh-xs-1_3 brz-ls-lg-0 brz-fw-lg-800 brz-ft-google brz-ff-overpass brz-ls-sm-0 brz-fw-sm-800 brz-lh-sm-1_3 brz-fs-sm-15 brz-css-gK28H\"><span class=\"brz-cp-color8\">DES SOUVENIRS<\/span><\/p>\n<p class=\"brz-fs-lg-17 brz-fs-xs-17 brz-ls-xs-0 brz-fw-xs-800 brz-lh-xs-1_3 brz-ls-lg-0 brz-fw-lg-800 brz-ft-google brz-ff-overpass brz-ls-sm-0 brz-fw-sm-800 brz-lh-sm-1_3 brz-fs-sm-15 brz-css-m4oIu\"><span class=\"brz-cp-color8\">BOUTIQUE<\/span><\/p>\n<\/div>\n<\/div>\n<\/div>\n<\/div>\n<p><a class=\"brz-a brz-container-link\" href=\"https:\/\/memorial1418.com\/boutique-souvenirs\/\" target=\"_self\" rel=\"noopener\" data-brz-link-type=\"external\"><\/a><\/div>\n<\/div>\n<\/div>\n<\/div>\n<\/div>\n<\/div>\n<\/div>\n<div id=\"\" class=\"brz-css-1xc3q9u brz-css-1xajhhk brz-wrapper\">\n<div class=\"brz-spacer brz-css-4ivetx brz-css-k3oadc\"><\/div>\n<\/div>\n<div class=\"brz-wrapper-clone brz-css-gtvrqx brz-css-1q356ow\">\n<div class=\"brz-d-xs-flex brz-flex-xs-wrap brz-css-2z1pjt\" data-brz-custom-id=\"\">\n<div class=\"brz-wrapper-clone__item\" id=\"jhnyuzszstcmxvmhnqtwxeujfbzyxgmtdiut\">\n<div class=\"brz-icon__container\" data-brz-custom-id=\"jhnyuzszstcmxvmhnqtwxeujfbzyxgmtdiut\"><a class=\"brz-a brz-anchor\" href=\"#_bnjnbadprdxulvaiybhhivcghxpmzjgfgcjn\" target=\"_self\" rel=\"noopener\" data-brz-link-type=\"anchor\"><span class=\"brz-icon brz-span brz-css-18js1w6 brz-css-bz2pmv\"><\/span><\/a><\/div>\n<\/div>\n<\/div>\n<\/div>\n<\/div>\n<\/div>\n<\/section>\n<section id=\"_zswrzsxshfunqpkvbcgqlkiobyuxwmndksji\" class=\"brz-section brz-css-vw2xod\">\n<div class=\"brz-section__content brz-section--boxed brz-css-1xkbdp7 brz-css-1rvela3\" data-brz-custom-id=\"khsciyicgbwlaozdcbgwifkgzoxepcjglpsr\">\n<div class=\"brz-bg\">\n<div class=\"brz-bg-color\"><\/div>\n<\/div>\n<div class=\"brz-container brz-css-1rq05ih\">\n<div class=\"brz-row__container brz-css-wu3nc5\" data-brz-custom-id=\"qyafqmissvwxgaimlkiyzxugzhvxqorbtkgw\">\n<div class=\"brz-bg\"><\/div>\n<div class=\"brz-row brz-css-1823bz2 brz-css-1w9lf46\">\n<div class=\"brz-columns brz-css-k4o8aa brz-css-4406l4\" data-brz-custom-id=\"lnqcxyjfwauemntwshznjgmgjqlknmmlzoev\">\n<div class=\"brz-bg\"><\/div>\n<div class=\"brz-column__items brz-css-94gcz9 brz-css-1yisyq0\">\n<div id=\"\" class=\"brz-css-1xc3q9u brz-css-1hdtjhs brz-wrapper\">\n<div class=\"brz-image brz-css-1bkq746 brz-css-eu86c8\" data-brz-custom-id=\"pmneyacakoaloirqvnkarcbcvamudbdetfgn\"><img decoding=\"async\" class=\"brz-img\" src=\"https:\/\/memorial1418.com\/wp-content\/uploads\/brizy\/imgs\/Memorial_14-18\u20222020-06-05_Pidz-395\u2022WEB-524x349x28x0x468x349x1636468653.jpg\" alt=\"\" loading=\"lazy\"><\/div>\n<\/div>\n<\/div>\n<\/div>\n<div class=\"brz-columns brz-css-k4o8aa brz-css-1m7shg\" data-brz-custom-id=\"itevuqmrqkeeiqfitpfvxjbhxgjbpgufcpsx\">\n<div class=\"brz-bg\"><\/div>\n<div class=\"brz-column__items brz-css-94gcz9 brz-css-o8plyi\">\n<div id=\"\" class=\"brz-css-1xc3q9u brz-css-ofon14 brz-wrapper\">\n<div class=\"brz-rich-text brz-rich-text__custom brz-css-1g5xwgs\" data-brz-custom-id=\"jjtukrorkkayrdhshwkfmrvvatzusizwegkh\">\n<div data-brz-translate-text=\"1\">\n<h1 class=\"brz-lh-sm-1_3 brz-ls-xs-im-1 brz-ls-sm-im-1 brz-ls-lg-0 brz-fw-sm-im-900 brz-fw-lg-900 brz-ft-google brz-ff-lato brz-lh-lg-1_3 brz-fs-lg-40 brz-lh-xs-1_3 brz-fs-sm-30 brz-fs-xs-25 brz-fw-xs-900 brz-css-jFx2w\"><span class=\"brz-cp-color2\">GENEALOGICAL<\/span><\/h1>\n<h1 class=\"brz-lh-sm-1_3 brz-ls-xs-im-1 brz-ls-sm-im-1 brz-ls-lg-0 brz-fw-sm-im-900 brz-fw-lg-900 brz-ft-google brz-ff-lato brz-lh-lg-1_3 brz-fs-lg-40 brz-lh-xs-1_3 brz-fs-sm-30 brz-fs-xs-25 brz-fw-xs-900 brz-css-gcrwH\"><span class=\"brz-cp-color2\">RESEARCH<\/span><\/h1>\n<\/div>\n<\/div>\n<\/div>\n<div id=\"\" class=\"brz-css-1xc3q9u brz-css-1xajhhk brz-wrapper\">\n<div class=\"brz-spacer brz-css-4ivetx brz-css-hty4fg\"><\/div>\n<\/div>\n<div id=\"\" class=\"brz-css-1xc3q9u brz-css-pjm77e brz-wrapper\">\n<div class=\"brz-line brz-line-default brz-css-34hzmd brz-css-p7cqln\" data-brz-custom-id=\"aitddovnkgzavbnevwvkqnwwtouumqpcvibx\">\n<hr class=\"brz-hr\"><\/div>\n<\/div>\n<div id=\"\" class=\"brz-css-1xc3q9u brz-css-1ic3jzh brz-wrapper\">\n<div class=\"brz-rich-text brz-rich-text__custom brz-css-1g5xwgs\" data-brz-custom-id=\"ewiykaihijwmhqomaoapgrnuajcgdlmtkeri\">\n<div data-brz-translate-text=\"1\">\n<p class=\"brz-mb-lg-0 brz-mb-sm-0 brz-tp-lg-paragraph brz-mb-xs-0 brz-css-jwCpm\" data-uniq-id=\"dqpcj\" data-generated-css=\"brz-css-peuhm\"><span class=\"brz-cp-color2\">Are you looking to find an ancestor who lived through the Great War and perhaps lost their life there ? Do you have information about a soldier but want to know more ? <\/span><\/p>\n<\/div>\n<\/div>\n<\/div>\n<div id=\"\" class=\"brz-css-1xc3q9u brz-css-1xajhhk brz-wrapper\">\n<div class=\"brz-spacer brz-css-4ivetx brz-css-pda2go\"><\/div>\n<\/div>\n<div class=\"brz-wrapper-clone brz-css-gtvrqx\">\n<div class=\"brz-d-xs-flex brz-flex-xs-wrap brz-css-2z1pjt brz-css-j3pkim\" data-brz-custom-id=\"\">\n<div class=\"brz-wrapper-clone__item\" id=\"foplgdkxnkuygeszjnuxkljiizouvpgzdfqw\"><a class=\"brz-a brz-btn brz-css-blv5je brz-css-itlv8m brz-css-vz60pb brz-css-1wm09kx\" href=\"https:\/\/memorial1418.com\/recherches-genealogiques\/\" target=\"_self\" rel=\"noopener\" data-brz-link-type=\"external\" data-brz-custom-id=\"foplgdkxnkuygeszjnuxkljiizouvpgzdfqw\"><span data-brz-translate-text=\"1\" class=\"brz-span brz-text__editor\">LEARN MORE<\/span><\/a><\/div>\n<\/div>\n<\/div>\n<\/div>\n<\/div>\n<\/div>\n<\/div>\n<\/div>\n<\/div>\n<\/section>\n<section id=\"_ccbwuwyfikoxnohuhlzhghqwasoxgocihjkx\" class=\"brz-section brz-css-vw2xod\">\n<div class=\"brz-section__content brz-section--boxed brz-css-1xkbdp7 brz-css-6b8qpf\" data-brz-custom-id=\"lbhazewtmzrogxcksbrmbynomxpxqskkenuf\">\n<div class=\"brz-bg\">\n<div class=\"brz-bg-color\"><\/div>\n<\/div>\n<div class=\"brz-container brz-css-1rq05ih\">\n<div class=\"brz-row__container brz-css-wu3nc5 brz-css-1dyjghk\" data-brz-custom-id=\"btrvjilhinodhesqgigjtytuutxkvonaxagg\">\n<div class=\"brz-bg\"><\/div>\n<div class=\"brz-row brz-css-1823bz2 brz-css-1w9lf46\">\n<div class=\"brz-columns brz-css-k4o8aa brz-css-uiku4o\" data-brz-custom-id=\"gbmxtowamckbvbwwkderqzdmndpcuhzuappg\">\n<div class=\"brz-bg\"><\/div>\n<div class=\"brz-column__items brz-css-94gcz9 brz-css-503js4\">\n<div id=\"\" class=\"brz-css-1xc3q9u brz-css-gzt67h brz-wrapper\">\n<div class=\"brz-rich-text brz-rich-text__custom brz-css-1g5xwgs\" data-brz-custom-id=\"lceyxthacxoytzcevaflkenarwfytcunjqai\">\n<div data-brz-translate-text=\"1\">\n<h1 class=\"brz-lh-sm-1_3 brz-lh-xs-1_3 brz-fs-lg-40 brz-lh-lg-1_3 brz-ff-lato brz-ft-google brz-fw-lg-900 brz-fw-sm-im-900 brz-ls-lg-0 brz-ls-sm-im-1 brz-ls-xs-im-1 brz-fs-sm-30 brz-fs-xs-25 brz-fw-xs-900 brz-css-wG2na\"><span class=\"brz-cp-color2\">GIFT SHOP<\/span> <\/h1>\n<\/div>\n<\/div>\n<\/div>\n<div id=\"\" class=\"brz-css-1xc3q9u brz-css-1xajhhk brz-wrapper\">\n<div class=\"brz-spacer brz-css-4ivetx brz-css-qmqogo\"><\/div>\n<\/div>\n<div id=\"\" class=\"brz-css-1xc3q9u brz-css-gvsmjg brz-wrapper\">\n<div class=\"brz-line brz-line-default brz-css-34hzmd brz-css-tu1cxm\" data-brz-custom-id=\"sbkjyvsdpfkidhrnwukgzpmosyfehvuyquwx\">\n<hr class=\"brz-hr\"><\/div>\n<\/div>\n<div id=\"\" class=\"brz-css-1xc3q9u brz-css-zheaou brz-wrapper\">\n<div class=\"brz-rich-text brz-rich-text__custom brz-css-1g5xwgs\" data-brz-custom-id=\"cvtycsjsxvlcypievtvtmenjtjokudffhlau\">\n<div data-brz-translate-text=\"1\">\n<p class=\"brz-mb-xs-0 brz-tp-lg-paragraph brz-mb-sm-0 brz-mb-lg-0 brz-css-iLxcO\" data-uniq-id=\"cdzfc\" data-generated-css=\"brz-css-dskjs\"><span class=\"brz-cp-color2\">\u00c0 la fin de votre visite, pr\u00e9voyez un passage dans la boutique du Centre d\u2019Histoire&nbsp;: plus qu\u2019une simple boutique de mus\u00e9e, elle propose aussi des souvenirs du territoire, des produits locaux, des livres et des objets pour les enfants comme pour les plus grands. La boutique est accessible librement, aux horaires d\u2019ouverture du <\/span><a class=\"link--external brz-cp-color2\" href=\"hihi\" data-brz-link-type=\"external\">the History Centre<\/a><span class=\"brz-cp-color2\">.<\/span><\/p>\n<\/div>\n<\/div>\n<\/div>\n<div id=\"\" class=\"brz-css-1xc3q9u brz-css-1xajhhk brz-wrapper\">\n<div class=\"brz-spacer brz-css-4ivetx brz-css-oddgoj\"><\/div>\n<\/div>\n<div class=\"brz-wrapper-clone brz-css-gtvrqx\">\n<div class=\"brz-d-xs-flex brz-flex-xs-wrap brz-css-2z1pjt brz-css-tqlme8\" data-brz-custom-id=\"\">\n<div class=\"brz-wrapper-clone__item\" id=\"xxywxstsfidkvslfijwggmhyfxzujpngykwc\"><a class=\"brz-a brz-btn brz-css-blv5je brz-css-1sgof36 brz-css-vz60pb brz-css-jvjiic\" href=\"https:\/\/memorial1418.com\/boutique-souvenirs\/\" target=\"_self\" rel=\"noopener\" data-brz-link-type=\"external\" data-brz-custom-id=\"xxywxstsfidkvslfijwggmhyfxzujpngykwc\"><span data-brz-translate-text=\"1\" class=\"brz-span brz-text__editor\">LEARN MORE<\/span><\/a><\/div>\n<\/div>\n<\/div>\n<\/div>\n<\/div>\n<div class=\"brz-columns brz-css-k4o8aa brz-css-hr0w7z\" data-brz-custom-id=\"nlvdacjmqrepzuzspyfrksfaiguhwhhvnzfx\">\n<div class=\"brz-bg\"><\/div>\n<div class=\"brz-column__items brz-css-94gcz9 brz-css-rk4lpd\">\n<div id=\"\" class=\"brz-css-1xc3q9u brz-css-1v29ttw brz-wrapper\">\n<div class=\"brz-image brz-css-vo15y8 brz-css-5tpcjg\" data-brz-custom-id=\"kabzxxwfewlclbupxsmzdyxzqleiabvnhkvh\"><img decoding=\"async\" class=\"brz-img\" src=\"https:\/\/memorial1418.com\/wp-content\/uploads\/brizy\/imgs\/IMG_20201024_155647-1024x768-3-491x369x12x0x468x369x1608289833.jpg\" alt=\"\" loading=\"lazy\"><\/div>\n<\/div>\n<\/div>\n<\/div>\n<\/div>\n<\/div>\n<\/div>\n<\/div>\n<\/section>\n<\/div>\n<p>    <!-- version:1737018475 --><\/p>","protected":false},"excerpt":{"rendered":"<p>SERVICES Au Centre d\u2019Histoire, vous pouvez aussi \u00eatre conseill\u00e9s et accompagn\u00e9s dans vos recherches g\u00e9n\u00e9alogiques, trouver un souvenir de votre visite ou organiser vos r\u00e9unions et s\u00e9minaires. RECHERCHES G\u00c9N\u00c9ALOGIQUES DES SOUVENIRS BOUTIQUE RECHERCHES G\u00c9N\u00c9ALOGIQUES Vous souhaitez retrouver un anc\u00eatre qui a v\u00e9cu la grande guerre et y a peut \u00eatre laiss\u00e9 sa vie ? Vous&#8230;<\/p>","protected":false},"author":1,"featured_media":0,"parent":0,"menu_order":0,"comment_status":"closed","ping_status":"closed","template":"","meta":{"_kad_post_transparent":"","_kad_post_title":"","_kad_post_layout":"","_kad_post_sidebar_id":"","_kad_post_content_style":"","_kad_post_vertical_padding":"","_kad_post_feature":"","_kad_post_feature_position":"","_kad_post_header":false,"_kad_post_footer":false,"_kad_post_classname":"","footnotes":""},"class_list":["post-60","page","type-page","status-publish","hentry"],"brizy_media":[{"id":19214,"url":"https:\/\/memorial1418.com\/wp-content\/uploads\/2020\/12\/Memorial_14-18\u20222020-06-05_Pidz-15\u2022WEB.jpg","name":"Memorial_14-18\u20222020-06-05_Pidz-15\u2022WEB.jpg","meta":{"brizy_attachment_uid":"wp-c751f3de75d2a77aedc497bdbe2a6703.jpg","brizy_post_uid":["8108fd28664e2bcbeb66ca20f39c11c8"]}},{"id":19256,"url":"https:\/\/memorial1418.com\/wp-content\/uploads\/2020\/12\/Memorial_14-18\u20222020-06-05_Pidz-283\u2022WEB-1.jpg","name":"Memorial_14-18\u20222020-06-05_Pidz-283\u2022WEB-1.jpg","meta":{"brizy_attachment_uid":"wp-390d64acda7f40bb4926d2092c781495.jpg","brizy_post_uid":["e4529d0fe32a03a05f24aeab867d99a8","8108fd28664e2bcbeb66ca20f39c11c8","5c4466338ea823e3996294e4b16fc585","c79eb881ded4bf20b7600d1589290749","0dd2fa4f2ed921c769ce40b60a071ba8"]}},{"id":19927,"url":"https:\/\/memorial1418.com\/wp-content\/uploads\/2020\/12\/Memorial_14-18\u20222020-06-05_Pidz-395\u2022WEB.jpg","name":"Memorial_14-18\u20222020-06-05_Pidz-395\u2022WEB.jpg","meta":{"brizy_attachment_uid":"wp-5196918db3757c8ad6f2a8856e49d7fa.jpg","brizy_post_uid":["8108fd28664e2bcbeb66ca20f39c11c8","9599edaaeab8d4fa11a386c89c2006c6","c28cb8280aa51518edca043433b76daa","36cb9f0eb12d3d28f9ba2e0168d54146"]}},{"id":19239,"url":"https:\/\/memorial1418.com\/wp-content\/uploads\/2020\/12\/IMG_20201024_155647-1024x768-3.jpg","name":"IMG_20201024_155647-1024x768-3.jpg","meta":{"brizy_attachment_uid":"wp-4888e50e049cb76e6ce8b896f4eaf2e5.jpg","brizy_post_uid":["8108fd28664e2bcbeb66ca20f39c11c8","e0d0a1cdbb4b4ae7edc79a5ba0dd9b4c"]}},{"id":19678,"url":"https:\/\/memorial1418.com\/wp-content\/uploads\/2020\/12\/IMG-7754-3-scaled.jpg","name":"IMG-7754-3.jpg","meta":{"brizy_attachment_uid":"wp-acf55e13c3105a9e0d9172bf8aee37f2.jpg","brizy_post_uid":["d5323cb043c82127a753110a3c8c228c","8108fd28664e2bcbeb66ca20f39c11c8","9599edaaeab8d4fa11a386c89c2006c6","e4529d0fe32a03a05f24aeab867d99a8","c28cb8280aa51518edca043433b76daa","36cb9f0eb12d3d28f9ba2e0168d54146"]}},{"id":28553,"url":"https:\/\/memorial1418.com\/wp-content\/uploads\/2021\/09\/640x480_velo-anneau-1622.jpeg","name":"640x480_velo-anneau-1622.jpeg","meta":{"brizy_attachment_uid":"wp-3626332b5d2fbc8341c08aeb46c474df.jpeg","brizy_post_uid":["36cb9f0eb12d3d28f9ba2e0168d54146","e4529d0fe32a03a05f24aeab867d99a8","8108fd28664e2bcbeb66ca20f39c11c8","c28cb8280aa51518edca043433b76daa"]}}],"_links":{"self":[{"href":"https:\/\/memorial1418.com\/en\/wp-json\/wp\/v2\/pages\/60","targetHints":{"allow":["GET"]}}],"collection":[{"href":"https:\/\/memorial1418.com\/en\/wp-json\/wp\/v2\/pages"}],"about":[{"href":"https:\/\/memorial1418.com\/en\/wp-json\/wp\/v2\/types\/page"}],"author":[{"embeddable":true,"href":"https:\/\/memorial1418.com\/en\/wp-json\/wp\/v2\/users\/1"}],"replies":[{"embeddable":true,"href":"https:\/\/memorial1418.com\/en\/wp-json\/wp\/v2\/comments?post=60"}],"version-history":[{"count":0,"href":"https:\/\/memorial1418.com\/en\/wp-json\/wp\/v2\/pages\/60\/revisions"}],"wp:attachment":[{"href":"https:\/\/memorial1418.com\/en\/wp-json\/wp\/v2\/media?parent=60"}],"curies":[{"name":"wp","href":"https:\/\/api.w.org\/{rel}","templated":true}]}}