{"id":3,"date":"2020-11-17T10:41:53","date_gmt":"2020-11-17T09:41:53","guid":{"rendered":"https:\/\/memorial1418.com\/?page_id=3"},"modified":"2026-04-07T01:47:56","modified_gmt":"2026-04-06T23:47:56","slug":"mentions-legales","status":"publish","type":"page","link":"https:\/\/memorial1418.com\/en\/mentions-legales\/","title":{"rendered":"Legal Notice"},"content":{"rendered":"<div class=\"brz-root__container brz-reset-all brz brz-root__container-page\">\n<section id=\"_zggkbwwvbwdiqntjjuyssmbkrumykmbebrbl\" class=\"brz-section brz-css-1prdvv\">\n<div class=\"brz-section__content brz-section--boxed brz-css-15dq1rl brz-css-3g6f1d\" data-brz-custom-id=\"ftbhijnrmntxeobndhbtxgrvlfelrzjjhkul\">\n<div class=\"brz-bg\">\n<div class=\"brz-bg-color\"><\/div>\n<\/div>\n<div class=\"brz-container brz-css-u4worr\">\n<div class=\"brz-row__container brz-css-1bciwui\" data-brz-custom-id=\"jlpqxhhcquhvfiqqitvemovummkuhherwogf\">\n<div class=\"brz-bg\"><\/div>\n<div class=\"brz-row brz-css-ed54vp brz-css-1r2wuhw\">\n<div class=\"brz-columns brz-css-i60uln brz-css-dft17y\" data-brz-custom-id=\"xdpyctuisazhxzzlwkbwxvpcesvgdrjlkntr\">\n<div class=\"brz-bg\"><\/div>\n<div class=\"brz-column__items brz-css-1wmwswh brz-css-imc3q7\">\n<div id=\"\" class=\"brz-css-18vqzdt brz-css-19r8sl3 brz-wrapper\">\n<div class=\"brz-spacer brz-css-1bi8mlr\"><\/div>\n<\/div>\n<div id=\"\" class=\"brz-css-18vqzdt brz-css-1wp3dln brz-wrapper\">\n<div class=\"brz-rich-text brz-rich-text__custom brz-css-1kov9iw\" data-brz-custom-id=\"gedtsghzoxadryuslqzechnwgddxlzpivysx\">\n<div data-brz-translate-text=\"1\">\n<h1 class=\"brz-fs-xs-25 brz-text-xs-justify brz-lh-lg-1_3 brz-lh-sm-im-1_2 brz-ls-lg-0 brz-ls-sm-im-m_1 brz-ff-lato brz-ft-google brz-fw-lg-900 brz-fw-sm-im-900 brz-fs-lg-55 brz-fs-sm-45 brz-ls-xs-0 brz-lh-xs-1_3 brz-fw-xs-900 brz-css-zCFB0\"><span>MENTIONS L\u00c9GALES <\/span><\/h1>\n<\/div>\n<\/div>\n<\/div>\n<div id=\"\" class=\"brz-css-18vqzdt brz-css-s2oxfu brz-wrapper\">\n<div class=\"brz-line brz-line-default brz-css-1mosx4z brz-css-8khzpy\" data-brz-custom-id=\"lpnqwiznshrhzrcexjxvxuiztaltksdnmxex\">\n<hr class=\"brz-hr\"><\/div>\n<\/div>\n<div id=\"\" class=\"brz-css-18vqzdt brz-css-1dnjz79 brz-wrapper\">\n<div class=\"brz-rich-text brz-rich-text__custom brz-css-1kov9iw\" data-brz-custom-id=\"wnivekavcayvhcsdqvpgdbblsnacokkpihrv\">\n<div data-brz-translate-text=\"1\">\n<h1 class=\"brz-fs-xs-17 brz-fs-sm-22 brz-ls-xs-0 brz-ls-sm-0 brz-lh-sm-1_1 brz-fs-lg-24 brz-ls-lg-0 brz-fw-xs-im-700 brz-fw-sm-im-700 brz-fw-lg-700 brz-ft-google brz-ff-overpass brz-lh-xs-im-1_5 brz-lh-lg-1_5 brz-text-xs-justify brz-css-vFoFC\"><span> <\/span><\/h1>\n<\/div>\n<\/div>\n<\/div>\n<\/div>\n<\/div>\n<\/div>\n<\/div>\n<\/div>\n<\/div>\n<\/section>\n<section id=\"_dhrwkmxcawbttjpiqupkerjgzssvzaswaatc\" class=\"brz-section brz-css-1prdvv\">\n<div class=\"brz-section__content brz-section--boxed brz-css-15dq1rl brz-css-vhpmmd\" data-brz-custom-id=\"imkytuerpuxoyejrjsavlkazhssjqsqxgzxf\">\n<div class=\"brz-container brz-css-u4worr\">\n<div id=\"\" class=\"brz-css-18vqzdt brz-wrapper\">\n<div class=\"brz-rich-text brz-rich-text__custom brz-css-1kov9iw\" data-brz-custom-id=\"okjfmwpfogxofqwdlowodrjwtrkqijjgaaov\">\n<div data-brz-translate-text=\"1\">\n<p class=\"brz-tp-lg-paragraph brz-css-kFJYU\" data-uniq-id=\"j10BS\" data-generated-css=\"brz-css-iTNdw\"><span class=\"brz-cp-color2\">Le pr\u00e9sent site est la propri\u00e9t\u00e9 de l\u2019<\/span><strong class=\"brz-cp-color2\">Office de Tourisme de Lens-Li\u00e9vin-H\u00e9nin-Carvin<\/strong><\/p>\n<p class=\"brz-tp-lg-paragraph brz-css-jSYXj\" data-uniq-id=\"k__Cz\" data-generated-css=\"brz-css-aqZBP\"><span class=\"brz-cp-color2\">16 place Jean Jaur\u00e8s,<\/span><\/p>\n<p class=\"brz-tp-lg-paragraph brz-css-pldxV\" data-uniq-id=\"kofDD\" data-generated-css=\"brz-css-wJ86H\"><span class=\"brz-cp-color2\">62300 LENS<\/span><\/p>\n<p class=\"brz-tp-lg-paragraph brz-css-rlWQy\" data-uniq-id=\"gOccU\" data-generated-css=\"brz-css-vHTrg\"><span class=\"brz-cp-color2\"> <\/span><\/p>\n<p class=\"brz-tp-lg-paragraph brz-css-fJtMC\" data-uniq-id=\"qazKO\" data-generated-css=\"brz-css-qoh71\"><span class=\"brz-cp-color2\">Le directeur de la publication du site web est <\/span><strong class=\"brz-cp-color2\">Sophie Wilhelm.<\/strong><\/p>\n<p class=\"brz-tp-lg-paragraph brz-css-i4UwV\" data-uniq-id=\"xo23p\" data-generated-css=\"brz-css-rjp44\"><strong class=\"brz-cp-color2\">Les photos du site ne sont pas libres de droit<\/strong><span class=\"brz-cp-color2\">.<\/span><\/p>\n<p class=\"brz-tp-lg-paragraph brz-css-tsswt\" data-uniq-id=\"xyMcu\" data-generated-css=\"brz-css-fKjDm\"><span class=\"brz-cp-color2\"> <\/span><\/p>\n<p class=\"brz-tp-lg-paragraph brz-css-uw2Tv\" data-uniq-id=\"hc14V\" data-generated-css=\"brz-css-gMlKt\"><span class=\"brz-cp-color2\">Le site est h\u00e9berg\u00e9 par :<\/span><\/p>\n<p class=\"brz-tp-lg-paragraph brz-css-fCQ0E\" data-uniq-id=\"cjpk4\" data-generated-css=\"brz-css-bkZSV\"><strong class=\"brz-cp-color2\">OVH<\/strong><\/p>\n<p class=\"brz-tp-lg-paragraph brz-css-medgl\" data-uniq-id=\"ujjR9\" data-generated-css=\"brz-css-dRuFF\"><span class=\"brz-cp-color2\">2 rue Kellermann,<\/span><\/p>\n<p class=\"brz-tp-lg-paragraph brz-css-hLFKt\" data-uniq-id=\"eBLqz\" data-generated-css=\"brz-css-hgrfW\"><span class=\"brz-cp-color2\">59100 ROUBAIX<\/span><\/p>\n<p class=\"brz-tp-lg-paragraph brz-css-xfI7Z\" data-uniq-id=\"o5OOQ\" data-generated-css=\"brz-css-m6zZT\"><a class=\"link--external brz-cp-color2\" href=\"www.ovh.com\" data-brz-link-type=\"external\"><strong>www.ovh.com<\/strong><\/a><strong class=\"brz-cp-color2\"> <\/strong><\/p>\n<p class=\"brz-tp-lg-paragraph brz-css-uV5rk\" data-uniq-id=\"zJFNU\" data-generated-css=\"brz-css-lGcL6\"><strong class=\"brz-cp-color2\"> <\/strong><\/p>\n<p class=\"brz-tp-lg-paragraph brz-css-jY_OC\" data-uniq-id=\"adV4O\" data-generated-css=\"brz-css-cWrzw\"><span class=\"brz-cp-color2\">Le pr\u00e9sent site constitue une \u0153uvre de l\u2019esprit prot\u00e9g\u00e9e par <\/span><strong class=\"brz-cp-color2\">les lois sur la propri\u00e9t\u00e9 intellectuelle<\/strong><span class=\"brz-cp-color2\">. Le site et l\u2019ensemble du contenu de ce site, y compris les marques, photographies, textes, slogans, dessins, images, s\u00e9quences anim\u00e9es et sonores ou non ainsi que toutes \u0153uvres int\u00e9gr\u00e9es dans le site sont <\/span><strong class=\"brz-cp-color2\">la propri\u00e9t\u00e9 de l\u2019Office de Tourisme de Lens-Li\u00e9vin-H\u00e9nin-Carvin<\/strong><span class=\"brz-cp-color2\"> ou de tiers ayant autoris\u00e9 Lens Tourisme \u00e0 les utiliser. Ces \u00e9l\u00e9ments sont prot\u00e9g\u00e9s par le droit national et international de la propri\u00e9t\u00e9 intellectuelle.<\/span><strong class=\"brz-cp-color2\"> <\/strong><\/p>\n<p class=\"brz-tp-lg-paragraph brz-css-l8UFY\" data-uniq-id=\"ejKG9\" data-generated-css=\"brz-css-yIaGX\"><strong class=\"brz-cp-color2\"> <\/strong><\/p>\n<p class=\"brz-tp-lg-paragraph brz-css-iJs5Y\" data-uniq-id=\"rnwLy\" data-generated-css=\"brz-css-rL3WP\"><span class=\"brz-cp-color2\">L\u2019Office de Tourisme de Lens-Li\u00e9vin-H\u00e9nin-Carvin ne conc\u00e8de aucune licence, ni aucun autre droit que celui de consulter ce site. Toute reproduction ou repr\u00e9sentation int\u00e9grale ou partielle du site ou de l\u2019un des \u00e9l\u00e9ments de celui-ci, par quelque moyen que ce soit, est strictement interdite, sauf autorisation expresse du directeur de la publication.<\/span><strong class=\"brz-cp-color2\"> <\/strong><\/p>\n<\/div>\n<\/div>\n<\/div>\n<div id=\"\" class=\"brz-css-18vqzdt brz-css-19r8sl3 brz-wrapper\">\n<div class=\"brz-spacer brz-css-1bi8mlr\"><\/div>\n<\/div>\n<div id=\"\" class=\"brz-css-18vqzdt brz-wrapper\">\n<div class=\"brz-rich-text brz-rich-text__custom brz-css-1kov9iw\" data-brz-custom-id=\"jdozqktnmftzgmukqxozmafiocrzlraxxcrw\">\n<div data-brz-translate-text=\"1\">\n<p class=\"brz-lh-lg-1_5 brz-lh-sm-im-1_4 brz-lh-xs-im-1_4 brz-fs-lg-22 brz-fs-sm-im-22 brz-fs-xs-im-20 brz-ls-lg-m_0_5 brz-ls-sm-im-m_0_5 brz-ls-xs-im-0 brz-ff-lato brz-ft-google brz-fw-lg-700 brz-fw-sm-im-700 brz-fw-xs-im-700 brz-css-e334w\"><span class=\"brz-cp-color2\">INFORMATIONS TECHNIQUES<\/span><\/p>\n<\/div>\n<\/div>\n<\/div>\n<div id=\"\" class=\"brz-css-18vqzdt brz-wrapper\">\n<div class=\"brz-rich-text brz-rich-text__custom brz-css-1kov9iw\" data-brz-custom-id=\"jjvzdunzzeqlphgyztiaxwvgxobvdasftjjv\">\n<div data-brz-translate-text=\"1\">\n<p class=\"brz-tp-lg-paragraph brz-css-qtTyI\" data-generated-css=\"brz-css-c3Yln\" data-uniq-id=\"gD_My\"><span class=\"brz-cp-color2\">L\u2019utilisateur du pr\u00e9sent site reconna\u00eet disposer de la comp\u00e9tence des moyens n\u00e9cessaires pour acc\u00e9der et utiliser \u00e0 ce site et avoir v\u00e9rifi\u00e9 que la configuration informatique utilis\u00e9e ne contient aucun virus et qu\u2019elle est en parfait \u00e9tat de fonctionnement.<\/span><\/p>\n<p class=\"brz-tp-lg-paragraph brz-css-lwfyW\" data-generated-css=\"brz-css-qtevg\" data-uniq-id=\"xpBXG\"><span class=\"brz-cp-color2\"> <\/span><\/p>\n<p class=\"brz-tp-lg-paragraph brz-css-i9M81\" data-generated-css=\"brz-css-k1kYQ\" data-uniq-id=\"a9TWb\"><span class=\"brz-cp-color2\">L\u2019utilisateur reconna\u00eet avoir \u00e9t\u00e9 inform\u00e9 que le pr\u00e9sent site est accessible 24 heures sur 24 et 7 jours sur 7, \u00e0 l\u2019exception des cas de force majeure, difficult\u00e9s li\u00e9es \u00e0 la structure des r\u00e9seaux de communication ou difficult\u00e9s techniques. <\/span><\/p>\n<p class=\"brz-tp-lg-paragraph brz-css-noK7W\" data-generated-css=\"brz-css-fNCZY\" data-uniq-id=\"j1AGw\"><span class=\"brz-cp-color2\"> <\/span><\/p>\n<p class=\"brz-tp-lg-paragraph brz-css-neTsX\" data-generated-css=\"brz-css-apFRP\" data-uniq-id=\"sxlwf\"><span class=\"brz-cp-color2\">Pour des raisons de maintenance, l\u2019Office de Tourisme de Lens-Li\u00e9vin-H\u00e9nin-Carvin pourra interrompre le site et s\u2019efforcera d\u2019en avertir pr\u00e9alablement les utilisateurs. <\/span><\/p>\n<p class=\"brz-tp-lg-paragraph brz-css-wI2eo\" data-generated-css=\"brz-css-nBEcv\" data-uniq-id=\"yhM5M\"><span class=\"brz-cp-color2\"> <\/span><\/p>\n<p class=\"brz-tp-lg-paragraph brz-css-mZ9Q1\" data-generated-css=\"brz-css-hKR9f\" data-uniq-id=\"yQZA0\"><span class=\"brz-cp-color2\">L\u2019Office de Tourisme de Lens-Li\u00e9vin-H\u00e9nin-Carvin met tout en \u0153uvre pour offrir aux utilisateurs des informations et\/ou outils disponibles et v\u00e9rifi\u00e9s, mais ne saurait \u00eatre tenu responsable des erreurs, d\u2019une absence de disponibilit\u00e9 des informations et\/ou de la pr\u00e9sence de virus sur son site. Les informations indiqu\u00e9es ne sont pas contractuelles. <\/span><\/p>\n<p class=\"brz-tp-lg-paragraph brz-css-iB_5c\" data-generated-css=\"brz-css-ooisZ\" data-uniq-id=\"fmC7D\"><span class=\"brz-cp-color2\"> <\/span><\/p>\n<p class=\"brz-tp-lg-paragraph brz-css-k_k8O\" data-generated-css=\"brz-css-lQ1uI\" data-uniq-id=\"euxQI\"><span class=\"brz-cp-color2\">L\u2019Office de Tourisme de Lens-Li\u00e9vin-H\u00e9nin-Carvin met tout en \u0153uvre pour assurer la fiabilit\u00e9, l\u2019exactitude et la mise \u00e0 jour des informations fournies sur ce site. N\u00e9anmoins, Lens Tourisme : <\/span><\/p>\n<p class=\"brz-tp-lg-paragraph brz-bcp-color2 brz-css-dW9O7\" data-generated-css=\"brz-css-qz69u\" data-uniq-id=\"a1TW8\"><span class=\"brz-cp-color2\"> <\/span><\/p>\n<ul>\n<li class=\"brz-tp-lg-paragraph brz-bcp-color2 brz-css-f5n5r\" data-generated-css=\"brz-css-zp5EW\" data-uniq-id=\"xlQAg\"><span class=\"brz-cp-color2\">ne garantit en aucune fa\u00e7on l\u2019exactitude, la pr\u00e9cision ou l\u2019exhaustivit\u00e9 des informations mises \u00e0 disposition sur ce site <\/span><\/li>\n<li class=\"brz-tp-lg-paragraph brz-bcp-color2 brz-css-jhVS4\" data-generated-css=\"brz-css-lFwIK\" data-uniq-id=\"llFd2\"><span class=\"brz-cp-color2\">d\u00e9cline toute responsabilit\u00e9 pour toute impr\u00e9cision, inexactitude ou omission portant sur des informations disponibles sur le site, et plus g\u00e9n\u00e9ralement pour tous dommages, directs ou indirects, quelles qu\u2019en soient les causes, origines, natures ou cons\u00e9quences, provoqu\u00e9s \u00e0 raison de l\u2019acc\u00e8s de quiconque au site ou de l\u2019impossibilit\u00e9 d\u2019y acc\u00e9der, de m\u00eame que l\u2019utilisation du site et\/ou du cr\u00e9dit accord\u00e9 \u00e0 une quelconque information provenant directement ou indirectement de ce dernier. <\/span><\/li>\n<\/ul>\n<p class=\"brz-bcp-color2 brz-tp-lg-paragraph brz-css-lh0d2\" data-generated-css=\"brz-css-orAer\" data-uniq-id=\"iylK4\"><span class=\"brz-cp-color2\"> <\/span><\/p>\n<p class=\"brz-tp-lg-paragraph brz-css-pdEnp\" data-generated-css=\"brz-css-mXpXL\" data-uniq-id=\"iBq6l\"><span class=\"brz-cp-color2\">L\u2019Office de Tourisme <\/span><span class=\"brz-cp-color2\">de Lens-Li\u00e9vin-H\u00e9nin-Carvin<\/span><span class=\"brz-cp-color2\"> se r\u00e9serve le droit de modifier ou de rectifier le contenu des documents publi\u00e9s sur ce site \u00e0 tout moment, sans pr\u00e9avis. <\/span><\/p>\n<p class=\"brz-tp-lg-paragraph brz-css-kfDVo\" data-generated-css=\"brz-css-dNqTg\" data-uniq-id=\"fPXrl\"><span class=\"brz-cp-color2\"> <\/span><\/p>\n<p class=\"brz-tp-lg-paragraph brz-css-mptOb\" data-generated-css=\"brz-css-i3djE\" data-uniq-id=\"uwvXx\"><span class=\"brz-cp-color2\">L\u2019Office de Tourisme de Lens-Li\u00e9vin-H\u00e9nin-Carvin d\u00e9cline toute responsabilit\u00e9 concernant le contenu des sites qui font l\u2019objet d\u2019un lien hypertexte \u00e0 partir du site de l\u2019Office de Tourisme <\/span><span class=\"brz-cp-color2\">de Lens-Li\u00e9vin-H\u00e9nin-Carvin<\/span><span class=\"brz-cp-color2\">. <\/span><\/p>\n<p class=\"brz-tp-lg-paragraph brz-css-gQ42f\" data-generated-css=\"brz-css-g02XV\" data-uniq-id=\"g94pV\"><span class=\"brz-cp-color2\"> <\/span><\/p>\n<p class=\"brz-tp-lg-paragraph brz-css-u8q2I\" data-generated-css=\"brz-css-gZB9p\" data-uniq-id=\"zrE1K\"><span class=\"brz-cp-color2\">La consultation de ce site est subordonn\u00e9e \u00e0 l\u2019acceptation des pr\u00e9sentes dispositions ainsi que de l\u2019ensemble des lois applicables. <\/span><\/p>\n<\/div>\n<\/div>\n<\/div>\n<div id=\"\" class=\"brz-css-18vqzdt brz-css-19r8sl3 brz-wrapper\">\n<div class=\"brz-spacer brz-css-1bi8mlr\"><\/div>\n<\/div>\n<div id=\"\" class=\"brz-css-18vqzdt brz-wrapper\">\n<div class=\"brz-rich-text brz-rich-text__custom brz-css-1kov9iw\" data-brz-custom-id=\"lipecbvlvjmratagylfwmesdsaxvjlqtmzdd\">\n<div data-brz-translate-text=\"1\">\n<p class=\"brz-fw-xs-im-700 brz-fw-sm-im-700 brz-fw-lg-700 brz-ft-google brz-ff-lato brz-ls-xs-im-0 brz-ls-sm-im-m_0_5 brz-ls-lg-m_0_5 brz-fs-xs-im-20 brz-fs-sm-im-22 brz-fs-lg-22 brz-lh-xs-im-1_4 brz-lh-sm-im-1_4 brz-lh-lg-1_5 brz-css-f1qai\"><span class=\"brz-cp-color2\">IMMATRICULATION<\/span><\/p>\n<\/div>\n<\/div>\n<\/div>\n<div id=\"\" class=\"brz-css-18vqzdt brz-wrapper\">\n<div class=\"brz-rich-text brz-rich-text__custom brz-css-1kov9iw\" data-brz-custom-id=\"zrnughzjklyhucubgvegiumficwbfconkrlx\">\n<div data-brz-translate-text=\"1\">\n<p class=\"brz-tp-lg-paragraph brz-css-zdx5Y\" data-uniq-id=\"ay4c8\" data-generated-css=\"brz-css-x8n0x\"><span class=\"brz-cp-color2\">L\u2019Office de tourisme <\/span><span class=\"brz-cp-color2\">de Lens-Li\u00e9vin-H\u00e9nin-Carvin<\/span><span class=\"brz-cp-color2\"> a \u00e9t\u00e9 immatricul\u00e9 au registre des op\u00e9rateurs de voyages et de s\u00e9jours sous le num\u00e9ro IM062150004 au registre des op\u00e9rateurs de s\u00e9jours et de voyages.<\/span><\/p>\n<\/div>\n<\/div>\n<\/div>\n<div id=\"\" class=\"brz-css-18vqzdt brz-css-19r8sl3 brz-wrapper\">\n<div class=\"brz-spacer brz-css-1bi8mlr\"><\/div>\n<\/div>\n<div id=\"\" class=\"brz-css-18vqzdt brz-wrapper\">\n<div class=\"brz-rich-text brz-rich-text__custom brz-css-1kov9iw\" data-brz-custom-id=\"aadqoaoxhwrwhpwckqwuvxqyafagludidixj\">\n<div data-brz-translate-text=\"1\">\n<p class=\"brz-lh-lg-1_5 brz-lh-sm-im-1_4 brz-lh-xs-im-1_4 brz-fs-lg-22 brz-fs-sm-im-22 brz-fs-xs-im-20 brz-ls-lg-m_0_5 brz-ls-sm-im-m_0_5 brz-ls-xs-im-0 brz-ff-lato brz-ft-google brz-fw-lg-700 brz-fw-sm-im-700 brz-fw-xs-im-700 brz-css-rLO9y\"><span class=\"brz-cp-color2\">CR\u00c9DITS<\/span><\/p>\n<\/div>\n<\/div>\n<\/div>\n<div id=\"\" class=\"brz-css-18vqzdt brz-wrapper\">\n<div class=\"brz-rich-text brz-rich-text__custom brz-css-1kov9iw\" data-brz-custom-id=\"nnnfpuoorjjuaymlaboexvmudjeznkioranb\">\n<div data-brz-translate-text=\"1\">\n<p class=\"brz-tp-lg-paragraph brz-css-nq6IY\" data-generated-css=\"brz-css-hsCVR\" data-uniq-id=\"wYBEJ\"><strong class=\"brz-cp-color2\">Office de Tourisme <\/strong><strong class=\"brz-cp-color2\">de Lens-Li\u00e9vin-H\u00e9nin-Carvin<\/strong><\/p>\n<p class=\"brz-tp-lg-paragraph brz-css-hm0UU\" data-generated-css=\"brz-css-ykEg2\" data-uniq-id=\"imAOB\"><span class=\"brz-cp-color2\">16 Place Jean Jaur\u00e8s,<\/span><\/p>\n<p class=\"brz-tp-lg-paragraph brz-css-aoFTZ\" data-generated-css=\"brz-css-rigxj\" data-uniq-id=\"oNoTC\"><span class=\"brz-cp-color2\">62300 LENS<\/span><\/p>\n<p class=\"brz-tp-lg-paragraph brz-css-luvRA\" data-generated-css=\"brz-css-bh92M\" data-uniq-id=\"lTsG9\"><span class=\"brz-cp-color2\"> <\/span><\/p>\n<p class=\"brz-tp-lg-paragraph brz-css-oQwTd\" data-generated-css=\"brz-css-dlHz2\" data-uniq-id=\"nRUz0\"><strong class=\"brz-cp-color2\">M\u00e9morial\u201914-18<\/strong><\/p>\n<p class=\"brz-tp-lg-paragraph brz-css-gTZQK\" data-generated-css=\"brz-css-iHU6w\" data-uniq-id=\"xFyaK\"><span class=\"brz-cp-color2\">102 rue Pasteur,<\/span><\/p>\n<p class=\"brz-tp-lg-paragraph brz-css-cx0Mc\" data-generated-css=\"brz-css-dtz0N\" data-uniq-id=\"h4SnM\"><span class=\"brz-cp-color2\">62153 SOUCHEZ<\/span><\/p>\n<p class=\"brz-tp-lg-paragraph brz-css-gcS3F\" data-generated-css=\"brz-css-uyuW8\" data-uniq-id=\"j8OEm\"><span class=\"brz-cp-color2\"> <\/span><\/p>\n<p class=\"brz-tp-lg-paragraph brz-css-wnkcy\" data-generated-css=\"brz-css-klujT\" data-uniq-id=\"nYRPS\"><strong class=\"brz-cp-color2\">contact@memorial1418.com<\/strong><\/p>\n<p class=\"brz-tp-lg-paragraph brz-css-rWwgD\" data-generated-css=\"brz-css-pFjGu\" data-uniq-id=\"c5LqM\"><strong class=\"brz-cp-color2\">R\u00e9daction :<\/strong><span class=\"brz-cp-color2\"> Lens Tourisme.<\/span><\/p>\n<\/div>\n<\/div>\n<\/div>\n<\/div>\n<\/div>\n<\/section>\n<\/div>\n<p>    <!-- version:1736991719 --><\/p>","protected":false},"excerpt":{"rendered":"<p>MENTIONS L\u00c9GALES Le pr\u00e9sent site est la propri\u00e9t\u00e9 de l\u2019Office de Tourisme de Lens-Li\u00e9vin-H\u00e9nin-Carvin 16 place Jean Jaur\u00e8s, 62300 LENS Le directeur de la publication du site web est Sophie Wilhelm. Les photos du site ne sont pas libres de droit. Le site est h\u00e9berg\u00e9 par : OVH 2 rue Kellermann, 59100 ROUBAIX www.ovh.com Le&#8230;<\/p>","protected":false},"author":1,"featured_media":0,"parent":0,"menu_order":0,"comment_status":"closed","ping_status":"closed","template":"","meta":{"_kad_post_transparent":"","_kad_post_title":"","_kad_post_layout":"","_kad_post_sidebar_id":"","_kad_post_content_style":"","_kad_post_vertical_padding":"","_kad_post_feature":"","_kad_post_feature_position":"","_kad_post_header":false,"_kad_post_footer":false,"_kad_post_classname":"","footnotes":""},"class_list":["post-3","page","type-page","status-publish","hentry"],"brizy_media":[],"_links":{"self":[{"href":"https:\/\/memorial1418.com\/en\/wp-json\/wp\/v2\/pages\/3","targetHints":{"allow":["GET"]}}],"collection":[{"href":"https:\/\/memorial1418.com\/en\/wp-json\/wp\/v2\/pages"}],"about":[{"href":"https:\/\/memorial1418.com\/en\/wp-json\/wp\/v2\/types\/page"}],"author":[{"embeddable":true,"href":"https:\/\/memorial1418.com\/en\/wp-json\/wp\/v2\/users\/1"}],"replies":[{"embeddable":true,"href":"https:\/\/memorial1418.com\/en\/wp-json\/wp\/v2\/comments?post=3"}],"version-history":[{"count":0,"href":"https:\/\/memorial1418.com\/en\/wp-json\/wp\/v2\/pages\/3\/revisions"}],"wp:attachment":[{"href":"https:\/\/memorial1418.com\/en\/wp-json\/wp\/v2\/media?parent=3"}],"curies":[{"name":"wp","href":"https:\/\/api.w.org\/{rel}","templated":true}]}}