{"id":29419,"date":"2021-10-19T15:26:02","date_gmt":"2021-10-19T13:26:02","guid":{"rendered":"https:\/\/memorial1418.com\/?page_id=29419"},"modified":"2026-04-07T16:10:13","modified_gmt":"2026-04-07T14:10:13","slug":"qualite-tourisme","status":"publish","type":"page","link":"https:\/\/memorial1418.com\/en\/qualite-tourisme\/","title":{"rendered":"Tourism Quality"},"content":{"rendered":"<div class=\"brz brz-root__container brz-reset-all brz-root__container-page\">\n<section id=\"8a8006a935e993c771cf_xngjpknxqrcdxgjstimfnpztsgxuryrwfzic\" class=\"brz-section brz-css-nc08t brz-css-oyfgf4\">\n<div class=\"brz-section__content brz-section--boxed brz-css-10w2pfe brz-css-1072k9y\" data-brz-custom-id=\"uqdrjbpmuwcyumjricyatbljgxykrvxpfsxb\">\n<div class=\"brz-bg\">\n<div class=\"brz-bg-image\"><\/div>\n<div class=\"brz-bg-color\"><\/div>\n<\/div>\n<div class=\"brz-container brz-css-l3xgdp brz-css-gmw7uz\">\n<div class=\"brz-row__container brz-css-a8qps3 brz-css-1f2qbvf\" data-brz-custom-id=\"lkmqrirgtqjqmenyztarrunrfvajmxxnoepb\">\n<div class=\"brz-row brz-css-4qbcj brz-css-1rmq4hv brz-css-185owrc\">\n<div class=\"brz-columns brz-css-1scmwxz brz-css-h28v25\" data-brz-custom-id=\"cwwejgdqvznuzkevuoiloafseygdlheeppcp\">\n<div class=\"brz-column__items brz-css-11538xj brz-css-1jc7uek\">\n<div id=\"\" class=\"brz-css-111aic5 brz-css-mfrm1s brz-css-1ghtqrq brz-wrapper\">\n<div class=\"brz-spacer brz-css-1nvn7b6 brz-css-1m4rn6k\"><\/div>\n<\/div>\n<div id=\"\" class=\"brz-css-111aic5 brz-css-dve8jx brz-wrapper\">\n<div class=\"brz-rich-text brz-rich-text__custom brz-css-100ws2m brz-css-15i282u\" data-brz-custom-id=\"lkekqnpyrplswwjzildjwxsvpzqqgrgeedib\">\n<div data-brz-translate-text=\"1\">\n<h1 class=\"brz-fw-xs-900 brz-lh-xs-1_3 brz-ls-xs-0 brz-fs-sm-45 brz-fs-lg-55 brz-fw-sm-900 brz-fw-lg-900 brz-ft-google brz-ff-lato brz-ls-sm-m_1 brz-ls-lg-0 brz-lh-sm-1_2 brz-lh-lg-1_3 brz-text-xs-justify brz-fs-xs-30 brz-css-oXh9Q\" data-uniq-id=\"qrkka\" data-generated-css=\"brz-css-grikv\"><span class=\"brz-capitalize-on\">qualit\u00e9 tourisme <\/span><\/h1>\n<\/div>\n<\/div>\n<\/div>\n<div id=\"\" class=\"brz-css-111aic5 brz-css-egib9 brz-wrapper\">\n<div class=\"brz-line brz-line-default brz-css-fzru18 brz-css-9m0gk0\" data-brz-custom-id=\"ikyiyroowqrczapqwxduvnrolbaarhvlrfho\">\n<hr class=\"brz-hr\"><\/div>\n<\/div>\n<div id=\"\" class=\"brz-css-111aic5 brz-css-cy82q7 brz-wrapper\">\n<div class=\"brz-rich-text brz-rich-text__custom brz-css-100ws2m brz-css-s3ocgn\" data-brz-custom-id=\"bwbcsbdbnkzawmsbstugovbtqfccarirzesb\">\n<div data-brz-translate-text=\"1\">\n<h1 class=\"brz-text-xs-justify brz-lh-lg-1_5 brz-lh-xs-im-1_5 brz-ff-overpass brz-ft-google brz-fw-lg-700 brz-fw-sm-im-700 brz-fw-xs-im-700 brz-ls-lg-0 brz-fs-lg-24 brz-lh-sm-1_1 brz-ls-sm-0 brz-ls-xs-0 brz-fs-sm-22 brz-fs-xs-17 brz-css-p95hn\"><span>Pratical Information<\/span><\/h1>\n<\/div>\n<\/div>\n<\/div>\n<\/div>\n<\/div>\n<\/div>\n<\/div>\n<\/div>\n<\/div>\n<\/section>\n<section id=\"7a30c2b1f7dbccb55a3f_kvmeyikpffexzcxbbemtykbisilifufxbnuv\" class=\"brz-section brz-css-1enpzc3 brz-css-ej4dzj\">\n<div class=\"brz-section__content brz-section--boxed brz-css-zkfwuk brz-css-19vrm90\" data-brz-custom-id=\"okaaegwspjklrznyjeufusqhoprlrlrkfrhw\">\n<div class=\"brz-bg\">\n<div class=\"brz-bg-color\"><\/div>\n<\/div>\n<div class=\"brz-container brz-css-1xbcgd9 brz-css-15q1hqi\">\n<div id=\"\" class=\"brz-css-qog34k brz-css-1s070zc brz-wrapper\">\n<div class=\"brz-rich-text brz-rich-text__custom brz-css-rc9il brz-css-xk0fi1\" data-brz-custom-id=\"faeisbetspqjldljdarazrkzoliddpkujedm\">\n<div data-brz-translate-text=\"1\">\n<p class=\"brz-fs-xs-25 brz-fw-xs-900 brz-ls-xs-0 brz-lh-xs-1_3 brz-ls-sm-0 brz-fw-sm-900 brz-fs-sm-35 brz-tp-lg-heading2 brz-css-iwZA8\" data-generated-css=\"brz-css-czijl\" data-uniq-id=\"mrfns\">THE QUALIT\u00c9 TOURISME\u2122 APPROACH<\/p>\n<\/div>\n<\/div>\n<\/div>\n<div id=\"\" class=\"brz-css-qog34k brz-css-16ecxw brz-wrapper\">\n<div class=\"brz-line brz-line-default brz-css-1kjurjn brz-css-1u01aft\" data-brz-custom-id=\"jijspejbqdiiksteqddzoqthdxzkjysdejgv\">\n<hr class=\"brz-hr\"><\/div>\n<\/div>\n<div id=\"\" class=\"brz-css-qog34k brz-css-1l5a8zv brz-wrapper\">\n<div class=\"brz-rich-text brz-rich-text__custom brz-css-rc9il brz-css-9yjp82\" data-brz-custom-id=\"nxmbyyuromnnnjqthwzvveyqynwudbovaklm\">\n<div data-brz-translate-text=\"1\">\n<p class=\"brz-tp-lg-paragraph brz-css-mDq7F\" data-generated-css=\"brz-css-qegqh\" data-uniq-id=\"cygkx\">The History Centre became part<strong> of the Qualit\u00e9 Tourisme\u2122 brand<\/strong> in 2016. This state-guaranteed brand is awarded to tourism professionals for their hospitality and service quality.<\/p>\n<\/div>\n<\/div>\n<\/div>\n<div id=\"\" class=\"brz-css-qog34k brz-css-uywmyj brz-wrapper\">\n<div class=\"brz-rich-text brz-rich-text__custom brz-css-rc9il brz-css-1of5osx\" data-brz-custom-id=\"fothrbmbbeyzemqknkizoickmjjdlghormwt\">\n<div data-brz-translate-text=\"1\">\n<p class=\"brz-tp-lg-paragraph brz-css-grLJY\" data-generated-css=\"brz-css-wegko\" data-uniq-id=\"mmwhb\">Plus d\u2019informations sur le site&nbsp;:&nbsp;<a class=\"link--external brz-cp-color1\" href=\"qualite-tourisme.gouv.fr\" data-brz-link-type=\"external\" target=\"_blank\"><strong>qualite-tourisme.gouv.fr<\/strong><\/a><\/p>\n<\/div>\n<\/div>\n<\/div>\n<\/div>\n<\/div>\n<\/section>\n<section id=\"475ca3448d9d9c826b80_phyjufrqdnfvkyavtzewuejvjqmjkjqygron\" class=\"brz-section brz-css-k89evt brz-css-qkce4m\">\n<div class=\"brz-section__content brz-section--boxed brz-css-ni5wr5 brz-css-1o5ut17\" data-brz-custom-id=\"fivtvoudrzorsythsaccjbfbabgtvbyhfita\">\n<div class=\"brz-bg\">\n<div class=\"brz-bg-color\"><\/div>\n<\/div>\n<div class=\"brz-container brz-css-wbu46m brz-css-1au85r7\">\n<div class=\"brz-row__container brz-css-1b3w4a2 brz-css-ev8xre\" data-brz-custom-id=\"spqvodrbrurzllsmwvrlclldllaffstafhxg\">\n<div class=\"brz-row brz-css-1va421i brz-css-kuloww brz-css-6nval5\">\n<div class=\"brz-columns brz-css-6kpspw brz-css-bobjg1\" data-brz-custom-id=\"dtazndgeghxvuyeyxyczmawbhmkdqsyiixin\">\n<div class=\"brz-column__items brz-css-1wzmikg brz-css-j4ct1j\">\n<div id=\"\" class=\"brz-css-1vp9v70 brz-css-1vz84ke brz-wrapper\">\n<div class=\"brz-image brz-css-1oa8mdq brz-css-1qa39zq\" data-brz-custom-id=\"fsftxtnppgmditovdjzhyhxslmaqmoljbhma\"><img decoding=\"async\" class=\"brz-img\" src=\"https:\/\/memorial1418.com\/wp-content\/uploads\/brizy\/imgs\/csm_dpt06-qualite-tourisme-logo_b27eb9fec1-552x368x42x0x468x368x1634650590.jpg\" alt=\"\" title=\"csm_dpt06-qualite-tourisme-logo_b27eb9fec1\" loading=\"lazy\"><\/div>\n<\/div>\n<\/div>\n<\/div>\n<div class=\"brz-columns brz-css-6kpspw brz-css-1ppw2rz\" data-brz-custom-id=\"fwmhpfwufmjsxsnpandrugrowuzeuffggjrb\">\n<div class=\"brz-column__items brz-css-1wzmikg brz-css-1y8806x\">\n<div id=\"\" class=\"brz-css-1vp9v70 brz-css-82syzg brz-wrapper\">\n<div class=\"brz-rich-text brz-rich-text__custom brz-css-o6euoe brz-css-1tdm7gs\" data-brz-custom-id=\"csferuvpcptfiekpyfdsbsudurvvphdncumj\">\n<div data-brz-translate-text=\"1\">\n<h1 class=\"brz-lh-sm-1_3 brz-ls-xs-1 brz-ls-sm-1 brz-ls-lg-0 brz-fw-sm-900 brz-fw-lg-900 brz-ft-google brz-ff-lato brz-lh-lg-1_3 brz-fs-lg-40 brz-lh-xs-1_3 brz-fs-sm-30 brz-fs-xs-25 brz-fw-xs-900 brz-css-bjwJB\" data-generated-css=\"brz-css-uzjdv\" data-uniq-id=\"iezic\"><span class=\"brz-capitalize-on\">Votre opinion compte&nbsp;!<\/span><\/h1>\n<\/div>\n<\/div>\n<\/div>\n<div id=\"\" class=\"brz-css-1vp9v70 brz-css-wrhyrm brz-css-n4leov brz-wrapper\">\n<div class=\"brz-spacer brz-css-1ufztjy brz-css-1walvo1\"><\/div>\n<\/div>\n<div id=\"\" class=\"brz-css-1vp9v70 brz-css-13b8fhn brz-wrapper\">\n<div class=\"brz-line brz-line-default brz-css-1hrpf99 brz-css-ewt58z\" data-brz-custom-id=\"sfmtpucdzuqtfjvsmtgafewnjbiyutmagenp\">\n<hr class=\"brz-hr\"><\/div>\n<\/div>\n<div id=\"\" class=\"brz-css-1vp9v70 brz-css-d6utlc brz-wrapper\">\n<div class=\"brz-rich-text brz-rich-text__custom brz-css-o6euoe brz-css-1tgmnkv\" data-brz-custom-id=\"dgjbogiyphessoxmqlkqozdtwrrahaodjkxx\">\n<div data-brz-translate-text=\"1\">\n<p class=\"brz-mb-lg-0 brz-mb-sm-0 brz-tp-lg-paragraph brz-mb-xs-0 brz-css-qwvJ0\" data-uniq-id=\"qsgez\" data-generated-css=\"brz-css-rmdth\">\u00c0 l\u2019issue de votre visite, compl\u00e9tez le questionnaire de satisfaction \u00e0 l\u2019adresse suivante&nbsp;:&nbsp;<a class=\"link--external brz-cp-color1\" href=\"https:\/\/questionnaire-qualite-tourisme.fr\/113138\" data-brz-link-type=\"external\" target=\"_blank\" rel=\"noopener\"><strong>https:\/\/questionnaire-qualite-tourisme.fr\/113138<\/strong><\/a>&nbsp;<\/p>\n<p class=\"brz-mb-lg-0 brz-mb-sm-0 brz-tp-lg-paragraph brz-mb-xs-0 brz-css-h3F8p\" data-uniq-id=\"rveag\" data-generated-css=\"brz-css-qwepq\"><em>Duration: 5 minutes<\/em><\/p>\n<\/div>\n<\/div>\n<\/div>\n<div id=\"\" class=\"brz-css-1vp9v70 brz-css-wrhyrm brz-css-1o6pinw brz-wrapper\">\n<div class=\"brz-spacer brz-css-1ufztjy brz-css-u9tqjm\"><\/div>\n<\/div>\n<div class=\"brz-wrapper-clone brz-flex-xs-wrap brz-css-121ccv4 brz-css-wvwr1x\" data-brz-custom-id=\"tfysswqikaloxcyopigqapdkjlqynupfnrah\"><a class=\"brz-a brz-btn brz-css-5nxip8 brz-css-7w4ihz brz-css-1kfncjk brz-css-1wf488n\" href=\"https:\/\/labels.atout-france.fr\/113138\" target=\"_blank\" rel=\"noopener\" data-brz-link-type=\"external\" data-brz-custom-id=\"koqguwdbjyxlxqcrpsbrjtpgflkotilhrskt\"><span data-brz-translate-text=\"1\" class=\"brz-span brz-text__editor\">Satisfaction survey<\/span><\/a><\/div>\n<\/div>\n<\/div>\n<\/div>\n<\/div>\n<\/div>\n<\/div>\n<\/section><\/div>\n<p><!-- version:1753368536 --><\/p>","protected":false},"excerpt":{"rendered":"<p>qualit\u00e9 tourisme Infos pratiques LA D\u00c9MARCHE QUALIT\u00c9 TOURISME TM Le Centre d\u2019Histoire a obtenu la marque Qualit\u00e9 TourismeTM en 2016. Marque d\u2019Etat, elle est attribu\u00e9e aux professionnels du tourisme pour la qualit\u00e9 de leur accueil et de leurs prestations. Plus d\u2019informations sur le site&nbsp;:&nbsp;qualite-tourisme.gouv.fr Votre opinion compte&nbsp;! \u00c0 l\u2019issue de votre visite, compl\u00e9tez le questionnaire&#8230;<\/p>","protected":false},"author":1,"featured_media":0,"parent":0,"menu_order":0,"comment_status":"closed","ping_status":"closed","template":"","meta":{"_kad_post_transparent":"","_kad_post_title":"","_kad_post_layout":"","_kad_post_sidebar_id":"","_kad_post_content_style":"","_kad_post_vertical_padding":"","_kad_post_feature":"","_kad_post_feature_position":"","_kad_post_header":false,"_kad_post_footer":false,"_kad_post_classname":"","footnotes":""},"class_list":["post-29419","page","type-page","status-publish","hentry"],"brizy_media":[{"id":5957,"url":"https:\/\/memorial1418.com\/wp-content\/uploads\/2020\/12\/Fichier-1.png","name":"Fichier-1.png","meta":{"brizy_attachment_uid":"wp-213fc43baabbf83afdddc653d52489c9.png","brizy_post_uid":["9599edaaeab8d4fa11a386c89c2006c6","e4529d0fe32a03a05f24aeab867d99a8"]}},{"id":6017,"url":"https:\/\/memorial1418.com\/wp-content\/uploads\/2020\/12\/Fichier-2.png","name":"Fichier-2.png","meta":{"brizy_attachment_uid":"wp-a90df791546a3c818b235f4409fe32ff.png","brizy_post_uid":["9599edaaeab8d4fa11a386c89c2006c6","e4529d0fe32a03a05f24aeab867d99a8"]}},{"id":235,"url":"https:\/\/memorial1418.com\/wp-content\/uploads\/brizy\/232\/assets\/images\/wp-7f62ac5b0c4a543007ed8dc50fab6aed.png","name":"wp-7f62ac5b0c4a543007ed8dc50fab6aed.png","meta":{"brizy_attachment_uid":"wp-7f62ac5b0c4a543007ed8dc50fab6aed.png","brizy_post_uid":["cxgkiugluzsdvdhhghkkqskjdfupzmzrynjo","e4529d0fe32a03a05f24aeab867d99a8","9599edaaeab8d4fa11a386c89c2006c6"]}},{"id":16465,"url":"https:\/\/memorial1418.com\/wp-content\/uploads\/2020\/12\/Fichier-1-1.png","name":"Fichier-1-1.png","meta":{"brizy_attachment_uid":"wp-78479f9493ec938790eb3ef87fe2c1fb.png","brizy_post_uid":["9599edaaeab8d4fa11a386c89c2006c6"]}},{"id":18719,"url":"https:\/\/memorial1418.com\/wp-content\/uploads\/2020\/12\/EQlvSjaWAAAYj47.jpg","name":"EQlvSjaWAAAYj47.jpg","meta":{"brizy_attachment_uid":"wp-4175967e8fffe7d0c2caa99e0890a71d.jpg","brizy_post_uid":["9599edaaeab8d4fa11a386c89c2006c6"]}},{"id":18807,"url":"https:\/\/memorial1418.com\/wp-content\/uploads\/2020\/12\/Fichier-1-10.png","name":"Fichier-1-10.png","meta":{"brizy_attachment_uid":"wp-68c4b0f35d37220f6d21e15929e2a3f2.png","brizy_post_uid":["9599edaaeab8d4fa11a386c89c2006c6"]}},{"id":18808,"url":"https:\/\/memorial1418.com\/wp-content\/uploads\/2020\/12\/Fichier-2-3.png","name":"Fichier-2-3.png","meta":{"brizy_attachment_uid":"wp-fb179ed27fa93c071a0a60e9f073315a.png","brizy_post_uid":["9599edaaeab8d4fa11a386c89c2006c6"]}},{"id":18820,"url":"https:\/\/memorial1418.com\/wp-content\/uploads\/2020\/12\/Fichier-3-1.png","name":"Fichier-3-1.png","meta":{"brizy_attachment_uid":"wp-51f02daab1fb6d5a1da601af02c8c0eb.png","brizy_post_uid":["9599edaaeab8d4fa11a386c89c2006c6"]}},{"id":18831,"url":"https:\/\/memorial1418.com\/wp-content\/uploads\/2020\/12\/Fichier-1-11.png","name":"Fichier-1-11.png","meta":{"brizy_attachment_uid":"wp-2eb0f6bbf9009a3a6a4606cd502276cd.png","brizy_post_uid":["9599edaaeab8d4fa11a386c89c2006c6"]}},{"id":18834,"url":"https:\/\/memorial1418.com\/wp-content\/uploads\/2020\/12\/2Fichier-1.png","name":"2Fichier-1.png","meta":{"brizy_attachment_uid":"wp-7dab187655e3915fb95b9e592af2ea48.png","brizy_post_uid":["9599edaaeab8d4fa11a386c89c2006c6"]}},{"id":18850,"url":"https:\/\/memorial1418.com\/wp-content\/uploads\/2020\/12\/3Fichier-1.png","name":"3Fichier-1.png","meta":{"brizy_attachment_uid":"wp-0d31adeea7c36f4be638d50500168e6f.png","brizy_post_uid":["9599edaaeab8d4fa11a386c89c2006c6"]}},{"id":19213,"url":"https:\/\/memorial1418.com\/wp-content\/uploads\/2020\/12\/IMG-7754.jpg","name":"IMG-7754.jpg","meta":{"brizy_attachment_uid":"wp-39e9269a56bca873f58e8913298b6dea.jpg","brizy_post_uid":["9599edaaeab8d4fa11a386c89c2006c6","d5323cb043c82127a753110a3c8c228c"]}},{"id":19249,"url":"https:\/\/memorial1418.com\/wp-content\/uploads\/2020\/12\/IMG-7754-2.jpg","name":"IMG-7754-2.jpg","meta":{"brizy_attachment_uid":"wp-b01f5eee8a2014d16a29876dfb0fe439.jpg","brizy_post_uid":["e4529d0fe32a03a05f24aeab867d99a8","9599edaaeab8d4fa11a386c89c2006c6","d5323cb043c82127a753110a3c8c228c","36cb9f0eb12d3d28f9ba2e0168d54146","27160f03a808c4501b11b637090b666b"]}},{"id":19223,"url":"https:\/\/memorial1418.com\/wp-content\/uploads\/2020\/12\/1090622-min.jpg","name":"1090622-min.jpg","meta":{"brizy_attachment_uid":"wp-b5d1a4f529d59b57fa710fd52f7a3b63.jpg","brizy_post_uid":["e4529d0fe32a03a05f24aeab867d99a8","9599edaaeab8d4fa11a386c89c2006c6","36cb9f0eb12d3d28f9ba2e0168d54146"]}},{"id":19222,"url":"https:\/\/memorial1418.com\/wp-content\/uploads\/2020\/12\/1090584-e1593693477911-scaled.jpg","name":"1090584-e1593693477911.jpg","meta":{"brizy_attachment_uid":"wp-611f7fc969020fbd9660bbc5646ff1a5.jpg","brizy_post_uid":["9599edaaeab8d4fa11a386c89c2006c6","c79eb881ded4bf20b7600d1589290749","5c4466338ea823e3996294e4b16fc585","59660b1bd80257bd19ba33212ea2d100","40b9aed3738d59f68b11bc590bc94427"]}},{"id":19252,"url":"https:\/\/memorial1418.com\/wp-content\/uploads\/2020\/12\/Memorial_14-18\u20222020-06-05_Pidz-109\u2022WEB-copie.jpg","name":"Memorial_14-18\u20222020-06-05_Pidz-109\u2022WEB-copie.jpg","meta":{"brizy_attachment_uid":"wp-3e98b94013c711825193c07b80eb1eb3.jpg","brizy_post_uid":["9599edaaeab8d4fa11a386c89c2006c6","d5323cb043c82127a753110a3c8c228c","c28cb8280aa51518edca043433b76daa","36cb9f0eb12d3d28f9ba2e0168d54146"]}},{"id":19387,"url":"https:\/\/memorial1418.com\/wp-content\/uploads\/2020\/12\/Memorial_14-18\u20222020-06-05_Pidz-441\u2022WEB-2.jpg","name":"Memorial_14-18\u20222020-06-05_Pidz-441\u2022WEB-2.jpg","meta":{"brizy_attachment_uid":"wp-711395206cfdddca73409785c86078f2.jpg","brizy_post_uid":["9599edaaeab8d4fa11a386c89c2006c6","d5323cb043c82127a753110a3c8c228c","c28cb8280aa51518edca043433b76daa","36cb9f0eb12d3d28f9ba2e0168d54146","e4529d0fe32a03a05f24aeab867d99a8"]}},{"id":19224,"url":"https:\/\/memorial1418.com\/wp-content\/uploads\/2020\/12\/20181111_oubli_0011-2.jpg","name":"20181111_oubli_0011-2.jpg","meta":{"brizy_attachment_uid":"wp-7bafb380763855b3216c0cf1d1c96a31.jpg","brizy_post_uid":["9599edaaeab8d4fa11a386c89c2006c6","d5323cb043c82127a753110a3c8c228c","0dd2fa4f2ed921c769ce40b60a071ba8","c28cb8280aa51518edca043433b76daa","36cb9f0eb12d3d28f9ba2e0168d54146","6701ad562758a3330137d90178f69006"]}},{"id":19210,"url":"https:\/\/memorial1418.com\/wp-content\/uploads\/2020\/12\/IMG_0692.jpg","name":"IMG_0692.jpg","meta":{"brizy_attachment_uid":"wp-416d15675a14012efeedc7d040241354.jpg","brizy_post_uid":["9599edaaeab8d4fa11a386c89c2006c6","d5323cb043c82127a753110a3c8c228c"]}},{"id":19235,"url":"https:\/\/memorial1418.com\/wp-content\/uploads\/2020\/12\/IMG_0697.jpg","name":"IMG_0697.jpg","meta":{"brizy_attachment_uid":"wp-1eefa351d2997520e4b62fd62d848786.jpg","brizy_post_uid":["e4529d0fe32a03a05f24aeab867d99a8","9599edaaeab8d4fa11a386c89c2006c6","d5323cb043c82127a753110a3c8c228c","36cb9f0eb12d3d28f9ba2e0168d54146"]}},{"id":19236,"url":"https:\/\/memorial1418.com\/wp-content\/uploads\/2020\/12\/IMG_0838.jpg","name":"IMG_0838.jpg","meta":{"brizy_attachment_uid":"wp-10e927d03e52ecc74456ab8b6d281f07.jpg","brizy_post_uid":["9599edaaeab8d4fa11a386c89c2006c6"]}},{"id":19234,"url":"https:\/\/memorial1418.com\/wp-content\/uploads\/2020\/12\/IMG_0692-1.jpg","name":"IMG_0692-1.jpg","meta":{"brizy_attachment_uid":"wp-49e2a75c7e56204e5d7816e33fa0f4a0.jpg","brizy_post_uid":["9599edaaeab8d4fa11a386c89c2006c6","36cb9f0eb12d3d28f9ba2e0168d54146","5c4466338ea823e3996294e4b16fc585","27160f03a808c4501b11b637090b666b"]}},{"id":19233,"url":"https:\/\/memorial1418.com\/wp-content\/uploads\/2020\/12\/IMG_0687.jpg","name":"IMG_0687.jpg","meta":{"brizy_attachment_uid":"wp-d818942142bb4ffa103e6d82358c7254.jpg","brizy_post_uid":["9599edaaeab8d4fa11a386c89c2006c6","36cb9f0eb12d3d28f9ba2e0168d54146"]}},{"id":19211,"url":"https:\/\/memorial1418.com\/wp-content\/uploads\/2020\/12\/IMG_8176-1.jpg","name":"IMG_8176-1.jpg","meta":{"brizy_attachment_uid":"wp-3ea2b42cf9f0c88539b7780c2e209d2e.jpg","brizy_post_uid":["9599edaaeab8d4fa11a386c89c2006c6"]}},{"id":19238,"url":"https:\/\/memorial1418.com\/wp-content\/uploads\/2020\/12\/IMG_8176-2.jpg","name":"IMG_8176-2.jpg","meta":{"brizy_attachment_uid":"wp-06f0399024b362280923271d64a7c541.jpg","brizy_post_uid":["e4529d0fe32a03a05f24aeab867d99a8","9599edaaeab8d4fa11a386c89c2006c6","d5323cb043c82127a753110a3c8c228c","5c4466338ea823e3996294e4b16fc585","36cb9f0eb12d3d28f9ba2e0168d54146"]}},{"id":19588,"url":"https:\/\/memorial1418.com\/wp-content\/uploads\/2020\/12\/necro.jpg","name":"necro.jpg","meta":{"brizy_attachment_uid":"wp-8f181ad88a8915efcea08d62b0900b96.jpg","brizy_post_uid":["9599edaaeab8d4fa11a386c89c2006c6","c79eb881ded4bf20b7600d1589290749","5c4466338ea823e3996294e4b16fc585","36cb9f0eb12d3d28f9ba2e0168d54146"]}},{"id":19591,"url":"https:\/\/memorial1418.com\/wp-content\/uploads\/2020\/12\/P1140223-1.jpg","name":"P1140223-1.jpg","meta":{"brizy_attachment_uid":"wp-add0e5c86a1c734cd03b5b02bc5e52b1.jpg","brizy_post_uid":["9599edaaeab8d4fa11a386c89c2006c6"]}},{"id":19927,"url":"https:\/\/memorial1418.com\/wp-content\/uploads\/2020\/12\/Memorial_14-18\u20222020-06-05_Pidz-395\u2022WEB.jpg","name":"Memorial_14-18\u20222020-06-05_Pidz-395\u2022WEB.jpg","meta":{"brizy_attachment_uid":"wp-5196918db3757c8ad6f2a8856e49d7fa.jpg","brizy_post_uid":["8108fd28664e2bcbeb66ca20f39c11c8","9599edaaeab8d4fa11a386c89c2006c6","c28cb8280aa51518edca043433b76daa","36cb9f0eb12d3d28f9ba2e0168d54146"]}},{"id":19678,"url":"https:\/\/memorial1418.com\/wp-content\/uploads\/2020\/12\/IMG-7754-3-scaled.jpg","name":"IMG-7754-3.jpg","meta":{"brizy_attachment_uid":"wp-acf55e13c3105a9e0d9172bf8aee37f2.jpg","brizy_post_uid":["d5323cb043c82127a753110a3c8c228c","8108fd28664e2bcbeb66ca20f39c11c8","9599edaaeab8d4fa11a386c89c2006c6","e4529d0fe32a03a05f24aeab867d99a8","c28cb8280aa51518edca043433b76daa","36cb9f0eb12d3d28f9ba2e0168d54146"]}},{"id":19237,"url":"https:\/\/memorial1418.com\/wp-content\/uploads\/2020\/12\/IMG_2500.jpg","name":"IMG_2500.jpg","meta":{"brizy_attachment_uid":"wp-e24bc1060a76c45579b406e807ea326c.jpg","brizy_post_uid":["e4529d0fe32a03a05f24aeab867d99a8","9599edaaeab8d4fa11a386c89c2006c6"]}},{"id":27629,"url":"https:\/\/memorial1418.com\/wp-content\/uploads\/2021\/07\/TAC_Carnet-SignalA\u00a9tique-Affiche_A4.pdf","name":"TAC_Carnet-SignalA\u00a9tique-Affiche_A4.pdf","meta":{"brizy_attachment_uid":"wp-4a3c55486e5215aa0a81b4b75b654a3e.pdf","brizy_post_uid":["9599edaaeab8d4fa11a386c89c2006c6"]}},{"id":27683,"url":"https:\/\/memorial1418.com\/wp-content\/uploads\/2021\/07\/conseils-presentation-pass_ok.pdf","name":"conseils-presentation-pass_ok.pdf","meta":{"brizy_attachment_uid":"wp-6f267c1bacb9cf38be3ef8846bb482df.pdf","brizy_post_uid":["9599edaaeab8d4fa11a386c89c2006c6"]}},{"id":27751,"url":"https:\/\/memorial1418.com\/wp-content\/uploads\/2021\/07\/TAC_Carnet-SignalA\u00a9tique-Affiche_A4-1.pdf","name":"TAC_Carnet-SignalA\u00a9tique-Affiche_A4-1.pdf","meta":{"brizy_attachment_uid":"wp-53467abb224dea6b424e111a5608cf78.pdf","brizy_post_uid":["9599edaaeab8d4fa11a386c89c2006c6"]}},{"id":29444,"url":"https:\/\/memorial1418.com\/wp-content\/uploads\/2021\/10\/csm_dpt06-qualite-tourisme-logo_b27eb9fec1.jpg","name":"csm_dpt06-qualite-tourisme-logo_b27eb9fec1.jpg","meta":{"brizy_attachment_uid":"wp-44905215080f7034e609cc856cc85ccd.jpg","brizy_post_uid":["9599edaaeab8d4fa11a386c89c2006c6"]}},{"id":30419,"url":"https:\/\/memorial1418.com\/wp-content\/uploads\/2021\/11\/Borne-Biclo-Souchez-1080x1440-1.jpeg","name":"Borne-Biclo-Souchez-1080x1440-1.jpeg","meta":{"brizy_attachment_uid":"wp-f120fe13cf30c0877985150b9b6c7461.jpeg","brizy_post_uid":["9599edaaeab8d4fa11a386c89c2006c6"]}},{"id":75460,"url":"https:\/\/memorial1418.com\/wp-content\/uploads\/2024\/09\/Cafe-genealogie-\u00a9Sarah-Roynette.jpg","name":"Cafe-genealogie-\u00a9Sarah-Roynette.jpg","meta":{"brizy_attachment_uid":"wp-a3f421c13fb575fe2dc4c53bc604532d.jpg","brizy_post_uid":["9599edaaeab8d4fa11a386c89c2006c6","c051689e59e71a0d49dee4558ff52d30"]}},{"id":68644,"url":"https:\/\/memorial1418.com\/wp-content\/uploads\/2024\/05\/Vue-aerienne-NDL-\u00a9Sarah-Roynette.jpg","name":"Vue-aerienne-NDL-\u00a9Sarah-Roynette.jpg","meta":{"brizy_attachment_uid":"wp-1bdea335089fb9187ee897241606cde0.jpg","brizy_post_uid":["36cb9f0eb12d3d28f9ba2e0168d54146","9599edaaeab8d4fa11a386c89c2006c6"]}},{"id":23937,"url":"https:\/\/memorial1418.com\/wp-content\/uploads\/2021\/02\/Anneau-de-la-memoire-avec-tour-lanterne-au-fond.jpg","name":"Anneau-de-la-memoire-avec-tour-lanterne-au-fond.jpg","meta":{"brizy_attachment_uid":"wp-caecf948443c260f3f97ef92e1bdc6f6.jpg","brizy_post_uid":["e4529d0fe32a03a05f24aeab867d99a8","1fe5ddcd6cdb1989aa63bfd5101339f9","9599edaaeab8d4fa11a386c89c2006c6","40b9aed3738d59f68b11bc590bc94427","36cb9f0eb12d3d28f9ba2e0168d54146"]}},{"id":78780,"url":"https:\/\/memorial1418.com\/wp-content\/uploads\/2025\/06\/Lorette-de-nuit-\u00a9Patrick-Devresse.jpg","name":"Lorette-de-nuit-\u00a9Patrick-Devresse.jpg","meta":{"brizy_attachment_uid":"wp-56e00ae5108c9304ba5e5304026f3105.jpg","brizy_post_uid":["27160f03a808c4501b11b637090b666b","40b9aed3738d59f68b11bc590bc94427","36cb9f0eb12d3d28f9ba2e0168d54146","9599edaaeab8d4fa11a386c89c2006c6","e4529d0fe32a03a05f24aeab867d99a8","c28cb8280aa51518edca043433b76daa","bcf48756139eddbe0d1d93c41067433f"]}},{"id":75889,"url":"https:\/\/memorial1418.com\/wp-content\/uploads\/2024\/10\/11_novembre_FlorentBurton.jpg","name":"11_novembre_FlorentBurton.jpg","meta":{"brizy_attachment_uid":"wp-76d1a1bdfbaa9a36e6aaddf4b90d473a.jpg","brizy_post_uid":["36cb9f0eb12d3d28f9ba2e0168d54146","59660b1bd80257bd19ba33212ea2d100","bcf48756139eddbe0d1d93c41067433f","e4529d0fe32a03a05f24aeab867d99a8","9599edaaeab8d4fa11a386c89c2006c6","40b9aed3738d59f68b11bc590bc94427"]}}],"_links":{"self":[{"href":"https:\/\/memorial1418.com\/en\/wp-json\/wp\/v2\/pages\/29419","targetHints":{"allow":["GET"]}}],"collection":[{"href":"https:\/\/memorial1418.com\/en\/wp-json\/wp\/v2\/pages"}],"about":[{"href":"https:\/\/memorial1418.com\/en\/wp-json\/wp\/v2\/types\/page"}],"author":[{"embeddable":true,"href":"https:\/\/memorial1418.com\/en\/wp-json\/wp\/v2\/users\/1"}],"replies":[{"embeddable":true,"href":"https:\/\/memorial1418.com\/en\/wp-json\/wp\/v2\/comments?post=29419"}],"version-history":[{"count":0,"href":"https:\/\/memorial1418.com\/en\/wp-json\/wp\/v2\/pages\/29419\/revisions"}],"wp:attachment":[{"href":"https:\/\/memorial1418.com\/en\/wp-json\/wp\/v2\/media?parent=29419"}],"curies":[{"name":"wp","href":"https:\/\/api.w.org\/{rel}","templated":true}]}}