{"id":17159,"date":"2020-12-16T12:38:31","date_gmt":"2020-12-16T11:38:31","guid":{"rendered":"https:\/\/memorial1418.com\/?page_id=17159"},"modified":"2026-05-06T01:10:11","modified_gmt":"2026-05-05T23:10:11","slug":"politique-de-confidentialite","status":"publish","type":"page","link":"https:\/\/memorial1418.com\/en\/politique-de-confidentialite\/","title":{"rendered":"Privacy Policy"},"content":{"rendered":"<div class=\"brz-root__container brz-reset-all brz brz-root__container-page\">\n<section id=\"_zggkbwwvbwdiqntjjuyssmbkrumykmbebrbl\" class=\"brz-section brz-css-1prdvv\">\n<div class=\"brz-section__content brz-section--boxed brz-css-15dq1rl brz-css-3g6f1d\" data-brz-custom-id=\"ftbhijnrmntxeobndhbtxgrvlfelrzjjhkul\">\n<div class=\"brz-bg\">\n<div class=\"brz-bg-color\"><\/div>\n<\/div>\n<div class=\"brz-container brz-css-u4worr\">\n<div class=\"brz-row__container brz-css-1bciwui\" data-brz-custom-id=\"jlpqxhhcquhvfiqqitvemovummkuhherwogf\">\n<div class=\"brz-bg\"><\/div>\n<div class=\"brz-row brz-css-ed54vp brz-css-1r2wuhw\">\n<div class=\"brz-columns brz-css-i60uln brz-css-dft17y\" data-brz-custom-id=\"xdpyctuisazhxzzlwkbwxvpcesvgdrjlkntr\">\n<div class=\"brz-bg\"><\/div>\n<div class=\"brz-column__items brz-css-1wmwswh brz-css-imc3q7\">\n<div id=\"\" class=\"brz-css-18vqzdt brz-css-19r8sl3 brz-wrapper\">\n<div class=\"brz-spacer brz-css-1bi8mlr\"><\/div>\n<\/div>\n<div id=\"\" class=\"brz-css-18vqzdt brz-css-1wp3dln brz-wrapper\">\n<div class=\"brz-rich-text brz-rich-text__custom brz-css-1kov9iw\" data-brz-custom-id=\"gedtsghzoxadryuslqzechnwgddxlzpivysx\">\n<div data-brz-translate-text=\"1\">\n<h1 class=\"brz-fs-xs-25 brz-text-xs-justify brz-lh-lg-1_3 brz-lh-sm-im-1_2 brz-ls-lg-0 brz-ls-sm-im-m_1 brz-ff-lato brz-ft-google brz-fw-lg-900 brz-fw-sm-im-900 brz-fs-lg-55 brz-fs-sm-45 brz-ls-xs-0 brz-lh-xs-1_3 brz-fw-xs-900 brz-css-kwxBd\"><span>POLITIQUE DE CONFIDENTIALITE<\/span><\/h1>\n<\/div>\n<\/div>\n<\/div>\n<div id=\"\" class=\"brz-css-18vqzdt brz-css-s2oxfu brz-wrapper\">\n<div class=\"brz-line brz-line-default brz-css-1mosx4z brz-css-8khzpy\" data-brz-custom-id=\"lpnqwiznshrhzrcexjxvxuiztaltksdnmxex\">\n<hr class=\"brz-hr\"><\/div>\n<\/div>\n<div id=\"\" class=\"brz-css-18vqzdt brz-css-1dnjz79 brz-wrapper\">\n<div class=\"brz-rich-text brz-rich-text__custom brz-css-1kov9iw\" data-brz-custom-id=\"wnivekavcayvhcsdqvpgdbblsnacokkpihrv\">\n<div data-brz-translate-text=\"1\">\n<h1 class=\"brz-fs-xs-17 brz-fs-sm-22 brz-ls-xs-0 brz-ls-sm-0 brz-lh-sm-1_1 brz-fs-lg-24 brz-ls-lg-0 brz-fw-xs-im-700 brz-fw-sm-im-700 brz-fw-lg-700 brz-ft-google brz-ff-overpass brz-lh-xs-im-1_5 brz-lh-lg-1_5 brz-text-xs-justify brz-css-wNCKn\"><span> <\/span><\/h1>\n<\/div>\n<\/div>\n<\/div>\n<\/div>\n<\/div>\n<\/div>\n<\/div>\n<\/div>\n<\/div>\n<\/section>\n<section id=\"_dhrwkmxcawbttjpiqupkerjgzssvzaswaatc\" class=\"brz-section brz-css-1prdvv\">\n<div class=\"brz-section__content brz-section--boxed brz-css-15dq1rl brz-css-mx05px\" data-brz-custom-id=\"imkytuerpuxoyejrjsavlkazhssjqsqxgzxf\">\n<div class=\"brz-container brz-css-u4worr\">\n<div id=\"\" class=\"brz-css-18vqzdt brz-wrapper\">\n<div class=\"brz-rich-text brz-rich-text__custom brz-css-1kov9iw\" data-brz-custom-id=\"okjfmwpfogxofqwdlowodrjwtrkqijjgaaov\">\n<div data-brz-translate-text=\"1\">\n<p class=\"brz-tp-paragraph brz-css-du53P\"><span class=\"brz-cp-color2\">Le pr\u00e9sent site est la propri\u00e9t\u00e9 de l\u2019<\/span><strong class=\"brz-cp-color2\">Office de Tourisme de Lens-Li\u00e9vin<\/strong><\/p>\n<p class=\"brz-tp-paragraph brz-css-wFacI\"><span class=\"brz-cp-color2\">16 place Jean Jaur\u00e8s,<\/span><\/p>\n<p class=\"brz-tp-paragraph brz-css-hx3w6\"><span class=\"brz-cp-color2\">62300 LENS<\/span><\/p>\n<p class=\"brz-tp-paragraph brz-css-dtAZF\"><span class=\"brz-cp-color2\"> <\/span><\/p>\n<p class=\"brz-tp-paragraph brz-css-lzZGr\"><span class=\"brz-cp-color2\">Le directeur de la publication du site web est <\/span><strong class=\"brz-cp-color2\">Sophie Wilhelm.<\/strong><\/p>\n<p class=\"brz-tp-paragraph brz-css-hGBZq\"><strong class=\"brz-cp-color2\">Les photos du site ne sont pas libres de droit<\/strong><span class=\"brz-cp-color2\">.<\/span><\/p>\n<p class=\"brz-tp-paragraph brz-css-dsbC0\"><span class=\"brz-cp-color2\"> <\/span><\/p>\n<p class=\"brz-tp-paragraph brz-css-fm3lX\"><span class=\"brz-cp-color2\">Le site est h\u00e9berg\u00e9 par :<\/span><\/p>\n<p class=\"brz-tp-paragraph brz-css-vS7dT\"><strong class=\"brz-cp-color2\">OVH<\/strong><\/p>\n<p class=\"brz-tp-paragraph brz-css-qrS25\"><span class=\"brz-cp-color2\">2 rue Kellermann,<\/span><\/p>\n<p class=\"brz-tp-paragraph brz-css-qpRzA\"><span class=\"brz-cp-color2\">59100 ROUBAIX<\/span><\/p>\n<p class=\"brz-tp-paragraph brz-css-xViwY\"><a class=\"link--external brz-cp-color2\" href=\"www.ovh.com\" data-brz-link-type=\"external\"><strong>www.ovh.com<\/strong><\/a><strong class=\"brz-cp-color2\"> <\/strong><span class=\"brz-cp-color2\"> <\/span><strong class=\"brz-cp-color2\"> <\/strong><\/p>\n<\/div>\n<\/div>\n<\/div>\n<div id=\"\" class=\"brz-css-18vqzdt brz-css-19r8sl3 brz-wrapper\">\n<div class=\"brz-spacer brz-css-1bi8mlr\"><\/div>\n<\/div>\n<div id=\"\" class=\"brz-css-18vqzdt brz-wrapper\">\n<div class=\"brz-rich-text brz-rich-text__custom brz-css-1kov9iw\" data-brz-custom-id=\"jdozqktnmftzgmukqxozmafiocrzlraxxcrw\">\n<div data-brz-translate-text=\"1\">\n<p class=\"brz-fw-xs-im-700 brz-fw-sm-im-700 brz-fw-lg-700 brz-ft-google brz-ff-lato brz-ls-xs-im-0 brz-ls-sm-im-m_0_5 brz-ls-lg-m_0_5 brz-fs-xs-im-20 brz-fs-sm-im-22 brz-fs-lg-22 brz-lh-xs-im-1_4 brz-lh-sm-im-1_4 brz-lh-lg-1_5 brz-css-bBVT9\"><span class=\"brz-cp-color2\">LE RESPONSABLE DE TRAITEMENT<\/span><\/p>\n<\/div>\n<\/div>\n<\/div>\n<div id=\"\" class=\"brz-css-18vqzdt brz-wrapper\">\n<div class=\"brz-rich-text brz-rich-text__custom brz-css-1kov9iw\" data-brz-custom-id=\"jjvzdunzzeqlphgyztiaxwvgxobvdasftjjv\">\n<div data-brz-translate-text=\"1\">\n<p class=\"brz-tp-paragraph brz-css-qISlS\"><span class=\"brz-cp-color2\">L\u2019Office de Tourisme de Lens-Li\u00e9vin, responsable de traitement, collecte des donn\u00e9es \u00e0 caract\u00e8re personnel vous concernant dans le cadre de l\u2019utilisation de ce site web. Les informations personnelles que nous pourrons collecter concernent g\u00e9n\u00e9ralement les domaines suivants :<\/span><\/p>\n<p class=\"brz-tp-paragraph brz-bcp-color2 brz-css-y6RtA\"><span class=\"brz-cp-color2\"> <\/span><\/p>\n<ul>\n<li class=\"brz-tp-paragraph brz-bcp-color2 brz-css-obL6w\"><span class=\"brz-cp-color2\">Informations que vous fournissez de votre plein gr\u00e9, via nos formulaires de contact l\u2019achat d\u2019un de nos produits ou services ou par l\u2019envoi d\u2019un mail.<\/span><\/li>\n<li class=\"brz-tp-paragraph brz-bcp-color2 brz-css-sRh_t\"><span class=\"brz-cp-color2\">Informations que nous collectons automatiquement de type \u00ab web analytics \u00bb <\/span><\/li>\n<\/ul>\n<p class=\"brz-tp-paragraph brz-css-qTjWJ\"><span class=\"brz-cp-color2\"> <\/span><\/p>\n<p class=\"brz-tp-paragraph brz-css-loWR3\"><span class=\"brz-cp-color2\">Dans certains pays, notamment au sein de l\u2019Espace \u00e9conomique europ\u00e9en, ces informations pourront \u00eatre consid\u00e9r\u00e9es comme des informations \u00e0 caract\u00e8re personnel selon la l\u00e9gislation applicable en mati\u00e8re de protection des donn\u00e9es. <\/span><\/p>\n<p class=\"brz-tp-paragraph brz-css-t0bhv\"><span class=\"brz-cp-color2\"> <\/span><\/p>\n<p class=\"brz-tp-paragraph brz-css-z1QQd\"><span class=\"brz-cp-color2\">Concernant ce site web, des donn\u00e9es concernent votre adresse IP, le type d\u2019appareil utilis\u00e9, le num\u00e9ro d\u2019identification unique de l\u2019appareil, le type de navigateur, la localisation g\u00e9ographique g\u00e9n\u00e9rale (par ex. pays ou ville) et d\u2019autres informations techniques. Nous pourrons \u00e9galement recueillir des informations sur la fa\u00e7on dont votre appareil a interagi avec nos sites Web, notamment les pages auxquelles vous avez acc\u00e9d\u00e9 et les liens sur lesquels vous avez cliqu\u00e9 (\u00ab cookies \u00bb).  Ces donn\u00e9es sont trait\u00e9es par le service Communication de l\u2019Office de Tourisme et du M\u00e9morial\u201914-18 et conserv\u00e9es pour une dur\u00e9e de 3 ans maximum si vous n\u2019interagissez plus avec nous. <\/span><\/p>\n<\/div>\n<\/div>\n<\/div>\n<div id=\"\" class=\"brz-css-18vqzdt brz-css-19r8sl3 brz-wrapper\">\n<div class=\"brz-spacer brz-css-1bi8mlr\"><\/div>\n<\/div>\n<div id=\"\" class=\"brz-css-18vqzdt brz-wrapper\">\n<div class=\"brz-rich-text brz-rich-text__custom brz-css-1kov9iw\" data-brz-custom-id=\"lipecbvlvjmratagylfwmesdsaxvjlqtmzdd\">\n<div data-brz-translate-text=\"1\">\n<p class=\"brz-lh-lg-1_5 brz-lh-sm-im-1_4 brz-lh-xs-im-1_4 brz-fs-lg-22 brz-fs-sm-im-22 brz-fs-xs-im-20 brz-ls-lg-m_0_5 brz-ls-sm-im-m_0_5 brz-ls-xs-im-0 brz-ff-lato brz-ft-google brz-fw-lg-700 brz-fw-sm-im-700 brz-fw-xs-im-700 brz-css-cEJb7\"><span class=\"brz-cp-color2\">CONDITIONS D\u2019UTILISATION DU SERVICE D\u2019ENVOI D\u2019E-MAILS PROMOTIONNELS<\/span><\/p>\n<\/div>\n<\/div>\n<\/div>\n<div id=\"\" class=\"brz-css-18vqzdt brz-wrapper\">\n<div class=\"brz-rich-text brz-rich-text__custom brz-css-1kov9iw\" data-brz-custom-id=\"zrnughzjklyhucubgvegiumficwbfconkrlx\">\n<div data-brz-translate-text=\"1\">\n<p class=\"brz-tp-paragraph brz-css-oJhua\"><span class=\"brz-cp-color2\">Les informations et donn\u00e9es personnelles recueillies lors de votre inscription \u00e0 notre newsletter font l\u2019objet d\u2019un traitement informatique nous permettant de vous informer de l\u2019actualit\u00e9, de nos offres commerciales et\/ou de celles de nos partenaires par e-mail.<\/span><\/p>\n<p class=\"brz-tp-paragraph brz-css-bw0FN\"><span class=\"brz-cp-color2\"> <\/span><\/p>\n<p class=\"brz-tp-paragraph brz-css-fyYZM\"><span class=\"brz-cp-color2\">Ces donn\u00e9es sont trait\u00e9es par nos services et conserv\u00e9es jusqu\u2019\u00e0 votre d\u00e9sabonnement de la lettre d\u2019information via le lien pr\u00e9sent dans l\u2019e-mail. <\/span><\/p>\n<\/div>\n<\/div>\n<\/div>\n<div id=\"\" class=\"brz-css-18vqzdt brz-css-19r8sl3 brz-wrapper\">\n<div class=\"brz-spacer brz-css-1bi8mlr\"><\/div>\n<\/div>\n<div id=\"\" class=\"brz-css-18vqzdt brz-wrapper\">\n<div class=\"brz-rich-text brz-rich-text__custom brz-css-1kov9iw\" data-brz-custom-id=\"aadqoaoxhwrwhpwckqwuvxqyafagludidixj\">\n<div data-brz-translate-text=\"1\">\n<p class=\"brz-fw-xs-im-700 brz-fw-sm-im-700 brz-fw-lg-700 brz-ft-google brz-ff-lato brz-ls-xs-im-0 brz-ls-sm-im-m_0_5 brz-ls-lg-m_0_5 brz-fs-xs-im-20 brz-fs-sm-im-22 brz-fs-lg-22 brz-lh-xs-im-1_4 brz-lh-sm-im-1_4 brz-lh-lg-1_5 brz-css-fnq3Q\"><span class=\"brz-cp-color2\">VOS DROITS<\/span><\/p>\n<\/div>\n<\/div>\n<\/div>\n<div id=\"\" class=\"brz-css-18vqzdt brz-wrapper\">\n<div class=\"brz-rich-text brz-rich-text__custom brz-css-1kov9iw\" data-brz-custom-id=\"nnnfpuoorjjuaymlaboexvmudjeznkioranb\">\n<div data-brz-translate-text=\"1\">\n<p class=\"brz-tp-paragraph brz-css-aLNyV\"><span class=\"brz-cp-color2\">Pendant toute la p\u00e9riode o\u00f9 nous mettons en \u0153uvre ces traitements, nous mettons en place tous les moyens permettant d\u2019assurer la confidentialit\u00e9 et la s\u00e9curit\u00e9 de vos donn\u00e9es personnelles, de mani\u00e8re \u00e0 emp\u00eacher leur endommagement, effacement ou acc\u00e8s par des tiers non autoris\u00e9s. Conform\u00e9ment aux dispositions de la loi n\u00b078-17 du 6 janvier 1978 modifi\u00e9e, vous b\u00e9n\u00e9ficiez des droits d\u2019acc\u00e8s, de rectification, d\u2019effacement de vos donn\u00e9es, ou encore de limitation de leurs traitements. Vous pouvez \u00e9galement vous opposer au traitement des donn\u00e9es vous concernant en raison d\u2019un motif l\u00e9gitime et si une obligation l\u00e9gale ne s\u2019y oppose pas. Pour exercer vos droits, contacter-nous en nous adressant un courrier postal \u00e0 l\u2019adresse : Office de Tourisme de Lens-Li\u00e9vin, 16 Place Jean Jaur\u00e8s, 62300 LENS, un e-mail \u00e0 rgpd@tourisme-lenslievin.fr ou en ligne via la plateforme d\u00e9di\u00e9e sur le site https:\/\/www.demarches-simplifiees.fr\/commencer\/otcall Un formulaire papier de demande d\u2019exercice de droits est \u00e9galement disponible \u00e0 l\u2019accueil du M\u00e9morial\u201914-18.<\/span><\/p>\n<p class=\"brz-tp-paragraph brz-css-nxA2m\"><span class=\"brz-cp-color2\"> <\/span><\/p>\n<p class=\"brz-tp-paragraph brz-css-sxClb\"><span class=\"brz-cp-color2\">Vous pouvez introduire une r\u00e9clamation aupr\u00e8s de la CNIL (www.cnil.fr) si vous le jugez utile.<\/span><\/p>\n<\/div>\n<\/div>\n<\/div>\n<\/div>\n<\/div>\n<\/section>\n<\/div>\n<p>    <!-- version:1736991745 --><\/p>","protected":false},"excerpt":{"rendered":"<p>POLITIQUE DE CONFIDENTIALITE Le pr\u00e9sent site est la propri\u00e9t\u00e9 de l\u2019Office de Tourisme de Lens-Li\u00e9vin 16 place Jean Jaur\u00e8s, 62300 LENS Le directeur de la publication du site web est Sophie Wilhelm. Les photos du site ne sont pas libres de droit. Le site est h\u00e9berg\u00e9 par : OVH 2 rue Kellermann, 59100 ROUBAIX www.ovh.com&#8230;<\/p>","protected":false},"author":1,"featured_media":0,"parent":0,"menu_order":0,"comment_status":"closed","ping_status":"closed","template":"","meta":{"_kad_post_transparent":"","_kad_post_title":"","_kad_post_layout":"","_kad_post_sidebar_id":"","_kad_post_content_style":"","_kad_post_vertical_padding":"","_kad_post_feature":"","_kad_post_feature_position":"","_kad_post_header":false,"_kad_post_footer":false,"_kad_post_classname":"","footnotes":""},"class_list":["post-17159","page","type-page","status-publish","hentry"],"brizy_media":[],"_links":{"self":[{"href":"https:\/\/memorial1418.com\/en\/wp-json\/wp\/v2\/pages\/17159","targetHints":{"allow":["GET"]}}],"collection":[{"href":"https:\/\/memorial1418.com\/en\/wp-json\/wp\/v2\/pages"}],"about":[{"href":"https:\/\/memorial1418.com\/en\/wp-json\/wp\/v2\/types\/page"}],"author":[{"embeddable":true,"href":"https:\/\/memorial1418.com\/en\/wp-json\/wp\/v2\/users\/1"}],"replies":[{"embeddable":true,"href":"https:\/\/memorial1418.com\/en\/wp-json\/wp\/v2\/comments?post=17159"}],"version-history":[{"count":0,"href":"https:\/\/memorial1418.com\/en\/wp-json\/wp\/v2\/pages\/17159\/revisions"}],"wp:attachment":[{"href":"https:\/\/memorial1418.com\/en\/wp-json\/wp\/v2\/media?parent=17159"}],"curies":[{"name":"wp","href":"https:\/\/api.w.org\/{rel}","templated":true}]}}